{"id":5758,"date":"2020-06-24T13:56:44","date_gmt":"2020-06-24T11:56:44","guid":{"rendered":"https:\/\/staging.seri-lugano.ch\/advisory-board\/"},"modified":"2024-04-11T10:52:06","modified_gmt":"2024-04-11T08:52:06","slug":"advisory-board-seri-lugano","status":"publish","type":"page","link":"https:\/\/seri-lugano.ch\/en\/ophthalmic-treatments-lugano\/advisory-board-seri-lugano\/","title":{"rendered":"Advisory Board"},"content":{"rendered":"\n[et_pb_section fb_built=&#8221;1&#8243; _builder_version=&#8221;4.17.6&#8243; _module_preset=&#8221;default&#8221; custom_padding=&#8221;0px||0px||true|false&#8221; locked=&#8221;off&#8221; global_colors_info=&#8221;{}&#8221;][et_pb_row _builder_version=&#8221;4.17.4&#8243; _module_preset=&#8221;default&#8221; global_colors_info=&#8221;{}&#8221;][et_pb_column type=&#8221;4_4&#8243; _builder_version=&#8221;4.17.4&#8243; _module_preset=&#8221;default&#8221; global_colors_info=&#8221;{}&#8221;][et_pb_text _builder_version=&#8221;4.18.0&#8243; _module_preset=&#8221;default&#8221; header_font=&#8221;|700|||||||&#8221; header_text_align=&#8221;center&#8221; header_text_color=&#8221;#2C4E63&#8243; hover_enabled=&#8221;0&#8243; header_font_size_phone=&#8221;45px&#8221; global_colors_info=&#8221;{}&#8221; custom_margin_phone=&#8221;|0%|0px|0%|false|true&#8221; sticky_enabled=&#8221;0&#8243;]<h1>ADVISORY BOARD<\/h1>[\/et_pb_text][\/et_pb_column][\/et_pb_row][et_pb_row _builder_version=&#8221;4.17.6&#8243; _module_preset=&#8221;default&#8221; width_tablet=&#8221;&#8221; width_phone=&#8221;100%&#8221; width_last_edited=&#8221;on|phone&#8221; custom_padding=&#8221;0px||0px||true|false&#8221; global_colors_info=&#8221;{}&#8221; custom_margin__hover_enabled=&#8221;off|desktop&#8221;][et_pb_column type=&#8221;4_4&#8243; _builder_version=&#8221;4.17.4&#8243; _module_preset=&#8221;default&#8221; global_colors_info=&#8221;{}&#8221;][et_pb_text _builder_version=&#8221;4.17.6&#8243; _module_preset=&#8221;default&#8221; locked=&#8221;off&#8221; global_colors_info=&#8221;{}&#8221; header_4_font=&#8221;|||on|||||&#8221; header_4_text_color=&#8221;#DD2E2E&#8221; header_4_font_size=&#8221;26px&#8221; header_4_letter_spacing=&#8221;17px&#8221; custom_margin=&#8221;|||||true&#8221; custom_padding=&#8221;0px||0px||true|false&#8221; header_2_font_size_phone=&#8221;18px&#8221; header_2_font_size_last_edited=&#8221;on|phone&#8221;]<h2 bis_size=\"{&quot;x&quot;:11,&quot;y&quot;:16,&quot;w&quot;:576,&quot;h&quot;:24,&quot;abs_x&quot;:199,&quot;abs_y&quot;:392}\" style=\"text-align: left;\">WHY AN ADVISORY BOARD?<\/h2>[\/et_pb_text][et_pb_text _builder_version=&#8221;4.17.6&#8243; _module_preset=&#8221;default&#8221; text_text_color=&#8221;#000000&#8243; header_2_font=&#8221;|600|||||||&#8221; header_2_text_align=&#8221;left&#8221; header_4_font=&#8221;|700|||||||&#8221; header_4_text_color=&#8221;#2C4E63&#8243; custom_margin=&#8221;|||||true&#8221; custom_margin_tablet=&#8221;|||||true&#8221; custom_margin_phone=&#8221;|5%||5%|false|true&#8221; global_colors_info=&#8221;{}&#8221;]<p style=\"text-align: justify;\">The Switzerland Eye Research Institute is proud to draw upon the talented experience of a world-renowned Advisory Board of distinguished ophthalmologists, specialists in refractive surgery and vision science. Its members are recognized by the international scientific community for the innovative spirit that has always been the hallmark of the Board members.<\/p>\n<p style=\"text-align: justify;\"><\/p>[\/et_pb_text][et_pb_text _builder_version=&#8221;4.17.6&#8243; _module_preset=&#8221;default&#8221; text_text_color=&#8221;#000000&#8243; header_2_font=&#8221;|600|||||||&#8221; header_2_text_align=&#8221;left&#8221; header_4_font=&#8221;|700|||||||&#8221; header_4_text_color=&#8221;#2C4E63&#8243; custom_margin=&#8221;|||||true&#8221; custom_margin_tablet=&#8221;|||||true&#8221; custom_margin_phone=&#8221;|5%||5%|false|true&#8221; global_colors_info=&#8221;{}&#8221;]<p>Their ideas and rigorous approach to clinical research led these distinguished ophthalmologists to devise surgical techniques, to launch the first controlled clinical trials to evaluate new procedures, and to test new sophisticated diagnostic and surgical technology on behalf of the FDA. Their internationally-acclaimed skills have been used to conduct an impressive array of interventions over the course of illustrious careers as surgeons and researchers.<\/p>\n<p>Dr. Roberto Pinelli, founder and scientific director of SERI Lugano is delighted and honoured to share his thoughts, expertise and wisdom with people of exceptional humanitarian and professional standing who, over the years, have become indispensable friends upon whom he can count to teach, advise and inspire.<\/p>\n<p style=\"text-align: justify;\"><\/p>[\/et_pb_text][et_pb_image src=&#8221;https:\/\/seri-lugano.ch\/wp-content\/uploads\/2022\/01\/advisory-board.jpg&#8221; title_text=&#8221;advisory-board&#8221; _builder_version=&#8221;4.17.6&#8243; _module_preset=&#8221;default&#8221; max_width=&#8221;58%&#8221; max_width_tablet=&#8221;75%&#8221; max_width_phone=&#8221;100%&#8221; max_width_last_edited=&#8221;on|phone&#8221; module_alignment=&#8221;center&#8221; custom_margin=&#8221;||||false|false&#8221; custom_padding=&#8221;0px||0px||true|false&#8221; custom_padding_tablet=&#8221;0px||0px||true|false&#8221; custom_padding_phone=&#8221;0px|5%|0px|5%|true|true&#8221; custom_padding_last_edited=&#8221;on|phone&#8221; global_colors_info=&#8221;{}&#8221;][\/et_pb_image][\/et_pb_column][\/et_pb_row][et_pb_row _builder_version=&#8221;4.16&#8243; _module_preset=&#8221;default&#8221; global_colors_info=&#8221;{}&#8221;][et_pb_column type=&#8221;4_4&#8243; _builder_version=&#8221;4.16&#8243; _module_preset=&#8221;default&#8221; global_colors_info=&#8221;{}&#8221;][et_pb_text _builder_version=&#8221;4.18.0&#8243; _module_preset=&#8221;default&#8221; custom_padding=&#8221;0px||5%||false|false&#8221; locked=&#8221;off&#8221; global_colors_info=&#8221;{}&#8221; header_4_font=&#8221;|||on|||||&#8221; header_4_text_color=&#8221;#DD2E2E&#8221; header_4_font_size=&#8221;26px&#8221; header_4_letter_spacing=&#8221;17px&#8221; custom_margin=&#8221;|||||true&#8221; header_2_font_size_phone=&#8221;18px&#8221; header_2_font_size_last_edited=&#8221;on|phone&#8221; custom_margin_phone=&#8221;|0%|0px|0%|false|true&#8221; hover_enabled=&#8221;0&#8243; sticky_enabled=&#8221;0&#8243;]<h2 bis_size=\"{&quot;x&quot;:11,&quot;y&quot;:16,&quot;w&quot;:576,&quot;h&quot;:24,&quot;abs_x&quot;:199,&quot;abs_y&quot;:392}\" style=\"text-align: left;\">OUR ADVISORY BOARD EXPERTS<\/h2>[\/et_pb_text][et_pb_testimonial author=&#8221;MICHAEL GORDON&#8221; portrait_url=&#8221;https:\/\/seri-lugano.ch\/wp-content\/uploads\/2022\/01\/gordon-1.png&#8221; _builder_version=&#8221;4.16&#8243; _module_preset=&#8221;default&#8221; global_colors_info=&#8221;{}&#8221;]<p>Dr. Michael Gordon has received numerous lifetime achievement awards, specializing in Femtolasik refractive surgery and cataract surgery. With over 35 years of experience, he is recognized as a pioneer in vision correction and a leader in refractive surgery. He was the first surgeon in the world to correct myopia using an excimer laser, and he performed the first ever surgery to use wavefront technology (High Definition Wavefront-guided laser surgery).<\/p>\n<p>He is a lead investigator in clinical trials that seek FDA (Food and Drugs Administration) approval.<\/p>\n<p>Dr. Gordon shares his extensive knowledge of vision correction by teaching other surgeons in courses and lectures at international congresses around the world. Alongside being a role model for his colleagues, he is unceasingly dedicated to investigating new developments and advanced techniques. He was therefore the first to propose in California the Presby-Lasik technique developed by Dr. Pinelli, with whom he has been working for twenty years in scientific collaboration, resulting in the preparation of textbooks in vision surgery (which have been adopted by many American universities) and specialization courses for fellow surgeons around the world.<\/p>\n<p>The American Academy of Ophthalmology \u2013 the world\u2019s leading scientific society in ophthalmology \u2013 has recognised his outstanding work in refractive surgery, for which they awarded him the AAO Distinguished Achievement Award.<\/p>[\/et_pb_testimonial][et_pb_testimonial author=&#8221;AMAR AGARWAL&#8221; portrait_url=&#8221;https:\/\/seri-lugano.ch\/wp-content\/uploads\/2022\/01\/argwal.png&#8221; _builder_version=&#8221;4.16&#8243; _module_preset=&#8221;default&#8221; global_colors_info=&#8221;{}&#8221;]<p>Dr. Amar Agarwal is a renowned Indian ophthalmologist and founder and director of Dr. Agarwal\u2019s Eye Hospital and Eye Research Centre in India, which includes 67 eye hospitals. He received governmental recognition from the Prime Minister of Tamil Nadu, when in 2014, he was presented with the Best Doctor award. He was president of the International Society of Refractive Surgery (ISRS) and of the Intraocular Implant and Refractive Society of India. Together with Dr. Pinelli, he is a member of the International Intra-Ocular Implant Club (III-C), a prestigious limited-membership society founded by Sir Harold Ridley, made up of eminent surgeons in the field of intraocular surgery.<\/p>\n<p>Dr. Agarwal is an intraocular surgeon of outstanding renown. Among the various pioneering innovations for which he is responsible is the cataract phacoemulsification technique known as Phakonit. This uses a microincision technology called bimanual phaco with microincision.<\/p>\n<p>With Dr. Pinelli, he has delivered training courses for eye surgeons organized by international scientific societies, as well as undertaking a period of collaboration at his hospital in Chennai, where the first Presby-Lasik developed by Dr. Pinelli was performed. They are co-authors of specialist ophthalmology texts in the English language.<\/p>[\/et_pb_testimonial][et_pb_testimonial author=&#8221;GUILLERMO AVALOS URZ\u00d9A&#8221; portrait_url=&#8221;https:\/\/seri-lugano.ch\/wp-content\/uploads\/2022\/01\/avalos.png&#8221; _builder_version=&#8221;4.16&#8243; _module_preset=&#8221;default&#8221; global_colors_info=&#8221;{}&#8221;]<p>Dr. Guillermo Avalos Urz\u00faa is an ophthalmic surgeon and researcher in Guadalajara. He is known throughout the world for conducting the Mexican national investigation of the first intervention for the correction of presbyopia, using the PARM technique, which he developed.<\/p>\n<p>A remarkable retinal and corneal surgeon with an outstanding creative spirit, he is the inventor of the pneumatic trabeculoplasty (PNT) technique. He has coordinated national clinical trials for the use of botulinum toxin and photochromic intraocular and rotational toric lenses.<\/p>\n<p>His scientific collaboration with Dr. Pinelli primarily concerns the study of presbyopia and the sharing of training courses on the correction of presbyopia with fellow surgeons at the leading international congresses, as well as writing textbooks in ophthalmology.<\/p>[\/et_pb_testimonial][et_pb_testimonial author=&#8221;VANCE THOMPSON&#8221; portrait_url=&#8221;https:\/\/seri-lugano.ch\/wp-content\/uploads\/2022\/01\/vance.png&#8221; _builder_version=&#8221;4.16&#8243; _module_preset=&#8221;default&#8221; global_colors_info=&#8221;{}&#8221;]<p>Dr. Vance Thompson is a professor of ophthalmology at Sanford USD School of Medicine and a highly skilled surgeon not only in refractive surgery for the correction of vision defects, but also in intraocular surgery for the treatment of severe vision defects and the elimination of cataracts.<\/p>\n<p>His ophthalmic institute was founded in Sioux Falls in South Dakota and it currently has six locations in the United States.<\/p>\n<p>Vance Thompson works closely with the U.S. government, serving as Principal Investigator for the Food and Drugs Administration (FDA) for the evaluation and approval of corneal and intraocular vision surgery techniques.<\/p>\n<p>He has shared the platform with Dr. Pinelli as a speaker and course leader at international conferences and the publication of scientific manuals in ophthalmology.<\/p>[\/et_pb_testimonial][et_pb_testimonial author=&#8221;VICENTE RODRIGUEZ HERN\u00c0NDEZ&#8221; portrait_url=&#8221;https:\/\/seri-lugano.ch\/wp-content\/uploads\/2022\/01\/vincente.png&#8221; _builder_version=&#8221;4.16&#8243; _module_preset=&#8221;default&#8221; global_colors_info=&#8221;{}&#8221;]<p>Dr. Vicente Rodriguez Hern\u00e0ndez is the founder of the Canary Islands\u2019 leading ophthalmic institute. A pioneer in excimer laser surgery, he is current president of the Spanish Society of Low Vision Specialists and a member of the expert committee of the Spanish Federation of Retinitis Pigmentosa Associations (FARPE).<\/p>\n<p>He teaches at Fernando Pessoa University in Portugal and co-directs the Surgical Unit for Ophthalmological Investigation, Experimentation and Training of the University Foundation of Las Palmas de Gran Canaria.<\/p>\n<p>A passionate researcher in the field of presbyopia for decades, he was the first in Spain to use the Femtolasik Lux\u00ae technique, developed by Dr Pinelli, with whom he is now working on a joint project for the evaluation of retinal photobiomodulation.<\/p>\n<p>Both are members of the prestigious group of surgeons comprising Presbymania, which organizes an annual international congress, of which he held the presidency in 2015.<\/p>\n<p>He has implemented into his ophthalmology practice the non-surgical technique of transepithelial corneal crosslinking with ParaCel\u00ae, devised by Dr. Pinelli for the treatment of keratoconus.<\/p>[\/et_pb_testimonial][\/et_pb_column][\/et_pb_row][\/et_pb_section]\n","protected":false},"excerpt":{"rendered":"<p>ADVISORY BOARDWHY AN ADVISORY BOARD?The Switzerland Eye Research Institute is proud to draw upon the talented experience of a world-renowned Advisory Board of distinguished ophthalmologists, specialists in refractive surgery and vision science. Its members are recognized by the international scientific community for the innovative spirit that has always been the hallmark of the Board members. [&hellip;]<\/p>\n","protected":false},"author":3,"featured_media":0,"parent":5780,"menu_order":0,"comment_status":"closed","ping_status":"closed","template":"","meta":{"_et_pb_use_builder":"on","_et_pb_old_content":"<!-- wp:shortcode -->\n[mk_page_section bg_image=\"https:\/\/www.seri-lugano.ch\/wp-content\/uploads\/2020\/06\/roll.jpg\" bg_repeat=\"no-repeat\" bg_stretch=\"true\" sidebar=\"sidebar-1\"][vc_column][mk_padding_divider size=\"100\"][mk_padding_divider size=\"100\"][mk_padding_divider size=\"100\"][\/vc_column][\/mk_page_section][mk_page_section bg_color=\"#dd3333\" video_loop=\"false\" min_height=\"57\" full_width=\"true\" sidebar=\"sidebar-1\"][vc_column][vc_column_text]\n<h2 style=\"text-align: center;\"><span style=\"color: #ffffff;\">Advisory Board<\/span><\/h2>\n[\/vc_column_text][\/vc_column][\/mk_page_section]\n\n\n[vc_row][vc_column][vc_column_text]\n<h1 style=\"text-align: center;\">PERCH\u00c9 UN ADVISORY BOARD? CONDIVIDERE PROGETTI IMPORTANTI CON UN GRUPPO DI INNOVATORI IN OCULISTICA.\n<\/h1>\n[\/vc_column_text][\/vc_column][\/vc_row]\n\nLo Switzerland Eye Research Institute vanta un Advisory Board di livello internazionale, composto da illustri oftalmologi, specialisti in chirurgia refrattiva e scienza della visione, conosciuti dalla comunit\u00e0 scientifica internazionale per lo spirito innovatore che ha sempre caratterizzato il loro operato.\n\nLe loro idee e il loro approccio alla ricerca clinica rigorosa ha portato questi oculisti straordinari ad inventare tecniche chirurgiche, ad avviare per primi studi clinici controllati per la valutazione di nuove procedure, a testare per conto della FDA nuova tecnologia diagnostica e chirurgica sofisticata. Si tratta di medici universalmente riconosciuti di grande competenza, che vantano al loro attivo un incredibile numero di interventi eseguiti nel corso di una brillante carriera di chirurghi e ricercatori.\n\nIl Dr. Roberto Pinelli, fondatore e direttore scientifico di Seri Lugano, ha il piacere e l\u2019onore di condividere il suo pensiero con uomini di grande valore umano e professionale che, nel corso degli anni, sono diventati amici insostituibili dai quali trarre insegnamento, consiglio ed ispirazione.\n\n[mk_page_section bg_color=\"#dd3333\" video_loop=\"false\" min_height=\"57\" full_width=\"true\" sidebar=\"sidebar-1\"][vc_column][vc_column_text]\n<h2 style=\"text-align: center;\"><span style=\"color: #ffffff;\">GLI ESPERTI DEL NOSTRO ADVISORY BOARD<\/span><\/h2>\n[\/vc_column_text][\/vc_column][\/mk_page_section]\n<!-- \/wp:shortcode -->\n\n<p><\/p>\n<p><img class=\"alignnone wp-image-3531 size-full\" src=\"https:\/\/www.seri-lugano.ch\/wp-content\/uploads\/2020\/07\/01b.-gordon.png\" alt=\"\" width=\"180\" height=\"180\"><\/p>\n<p><strong>MICHAEL GORDON<\/strong><br>Il Dr. Michael Gordon \u00e8 vincitore di numerosi premi alla carriera, specializzato in chirurgia refrattiva Femtolasik e cataratta. Con oltre 35 anni di esperienza \u00e8 riconosciuto un pioniere nella correzione della visione e un leader in chirurgia refrattiva. \u00c8 stato il primo chirurgo al mondo a correggere la miopia usando un laser ad eccimeri ed ha eseguito la prima chirurgia con tecnologia wavefront (High Definition Wavefront-guided laser surgery). <br>Il Dr. Gordon \u00e8 uno dei medici investigatori (lead investigator) nei clinical trials che devono ricevere autorizzazione dalla FDA americana (Food and Drugs Administration). <br>Il Dr. Gordon condivide la sua ampia conoscenza nella correzione della visione insegnando ad altri chirurghi in corsi e letture in congressi internazionali in tutto il mondo. Accanto al suo ruolo di modello per i colleghi, non ha mai smesso di investigare nuovi sviluppi e tecniche avanzate. In quest'ottica ha per primo proposto in California la tecnica Presby-Lasik messa a punto dal Dr. Pinelli, con il quale condivide da un ventennio una collaborazione scientifica sfociata nella stesura di libri di testo in chirurgia della visione (adottati presso alcune universit\u00e0 americane) e corsi di specializzazione rivolti a colleghi chirurghi nel mondo.<br>Il suo eccezionale lavoro in chirurgia refrattiva \u00e8 stato riconosciuto dalla American Academy of Ophthalmology, la principale societ\u00e0 scientifica del mondo in oftalmologia, che lo ha premiato con l'AAO Distinguished Achievement Award.<\/p>\n<p><img class=\"alignnone wp-image-3532 size-full\" src=\"https:\/\/www.seri-lugano.ch\/wp-content\/uploads\/2020\/07\/02b.-argwal.png\" alt=\"\" width=\"180\" height=\"180\"><\/p>\n<p><strong>AMAR AGARWAL<\/strong><br>Il Dr. Amar Agarwal \u00e8 un famoso oftalmologo indiano fondatore e direttore del Dr. Agarwal's Eye Hospital and Eye Research Centre in India, che include 67 ospedali oftalmici. Ha ricevuto il riconoscimento governativo Best Doctor dal primo ministro del Tamil Nadu nel 2014. \u00c9 stato presidente della societ\u00e0 scientifica International Society of Refractive Surgery (ISRS) e dell'Intraocular Implant and Refractive Society of India. Insieme al Dr. Pinelli \u00e8 membro dell'International Intra-Ocular Implant Club (III-C), prestigiosa societ\u00e0 a numero chiuso fondata da Sir Harold Ridley, composta da eminenti chirurghi nel campo della chirurgia intra-oculare.<\/p>\n<p>il Prof. Agarwal \u00e8 incredibile chirurgo intraoculare, pioniere - tra le varie innovazioni di cui ha la paternit\u00e0 - di Phakonit, una facoemulsificazione per cataratta che si avvale di una tecnologia a microincisione conosciuta come Faco bimanuale con microincisione.<\/p>\n<p>Con il dottor Pinelli ha condiviso corsi di formazione rivolti a chirurghi oculisti organizzati da societ\u00e0 scientifiche internazionali e un periodo di collaborazione presso il suo ospedale di Chennai, dove \u00e8 stata eseguita la prima Presby-Lasik messa a punto dal Dr. Pinelli. Sono co-autori di testi specialistici di oftalmologia in Inglese.<\/p>\n<p><img class=\"alignnone size-full wp-image-3533\" src=\"https:\/\/www.seri-lugano.ch\/wp-content\/uploads\/2020\/07\/03b.-avalos.png\" alt=\"\" width=\"180\" height=\"180\"><\/p>\n<p><strong>GUILLERMO AVALOS URZ\u00d9A<\/strong><br>Il Dr. Guillermo Avalos Urz\u00faa \u00e9 chirurgo oftalmologo e ricercatore a Guadalajara, noto in tutto il mondo per aver condotto l'investigazione nazionale messicana del primo intervento per la correzione della presbiopia, con tecnica PARM da lui messa a punto.<br>Incredibile chirurgo sia retinico che corneale di grande spirito creativo \u00e8 l'inventore della tecnica di trabeculectomia pneumatica PNT e ha coordinato trials clinici nazionali per l'impiego della tossina botulinica e delle lenti intraoculari fotocromatiche e di quelle toriche a rotazione.<br>La collaborazione scientifica con il dottor Pinelli riguarda in primis lo studio della presbiopia e la condivisione di corsi di formazione sulla correzione della presbiopia ai colleghi chirurghi nell'ambito dei pi\u00f9 prestigiosi congressi internazionali, nonch\u00e9 la redazione di libri di testo in oftalmologia.<\/p>\n<p><img class=\"alignnone size-full wp-image-3534\" src=\"https:\/\/www.seri-lugano.ch\/wp-content\/uploads\/2020\/07\/04b.-vance.png\" alt=\"\" width=\"180\" height=\"180\"><\/p>\n<p><strong>VANCE THOMPSON<\/strong><br>IL Dr. Vance Thompson \u00e8 professore di oftalmologia alla Sanford USD School of Medicine e chirurgo di grande maestria sia in ambito di chirurgia refrattiva per la correzione di difetti visivi, sia in ambito intraoculare nella cura dei difetti visivi molto elevati e l'eliminazione della cataratta. <br>Il suo istituto oftalmico nasce a Sioux Falls in Sud Dakota ed attualmente conta sei sedi negli Stati Uniti.<br>Vance Thompson collabora attivamente con il governo statunitense, servendo quale Principal Investigator per la FDA (Food and Drugs Administration) per la valutazione e l'autorizzazione di tecniche di chirurgia della visione cornale e intraoculare.<br>Ha condiviso con il dottor Pinelli attivit\u00e0 di relatore e course leader ad eventi congressuali internazionali e la redazione di manuali scientifici in oculistica.<\/p>\n<p><img class=\"alignnone size-full wp-image-3535\" src=\"https:\/\/www.seri-lugano.ch\/wp-content\/uploads\/2020\/07\/05b.-vincente.png\" alt=\"\" width=\"180\" height=\"180\"><\/p>\n<p><strong>VICENTE RODRIGUEZ HERN\u00c0NDEZ<\/strong><br>Il Dr. Vicente Rodriguez Hern\u00e0ndez \u00e8 fondatore del principale istituto oftalmico delle Isole Canarie. Pioniere in chirurgia con laser ad eccimeri, \u00e8 attuale presidente della Societ\u00e0 Spagnola di Ipovisione e membro del comitato di esperti della Federazione delle Associazioni Spagnole dei Malati di Retinite Pigmentosa.<br>\u00c8 docente all'Universit\u00e0 Fernando Pessoa in Portogallo e co-dirige l'Unit\u00e0 Chirurgica di Investigazione, Sperimentazione e Formazione Oftalmologica della Fondazione Universitaria di Las Palmas de Gran Canaria.<br>Appassionato ricercatore nel campo della presbiopia da decenni, ha per primo utilizzato in Spagna la tecnica Femtolasik Lux\u00ae, messa a punto dal Dottor Pinelli, con il quale ora sta lavorando ad un progetto comune per la valutazione della fotobiomodulazione retinica.<br>Entrambi sono membri del prestigioso gruppo di chirurghi Presbymania che organizza un congresso internazionale annuale, del quale ha ricoperto la presidenza nel 2015. <br>Ha adottato nella sua pratica oculistica la tecnica non chirurgica del crosslinking corneale transepiteliale con ParaCel\u00ae, ideata dal dottor Pinelli per la cura del cheratocono.<\/p>\n<p>[vc_row][vc_column width=\"1\/7\"][mk_button_gradient size=\"large\" grandient_color_from=\"#dd3333\" grandient_color_to=\"#dd3333\" grandient_color_fallback=\"#dd3333\" url=\"https:\/\/www.seri-lugano.ch\/fotobiomodulazione\/\" align=\"center\" fullwidth=\"true\"]Foto bio modulazione un futuro pi\u00f9 luminoso per la degenerazione maculare senile e le affezioni retiniche[\/mk_button_gradient][\/vc_column]<\/p>\n<p>[vc_column width=\"1\/7\"][mk_button_gradient size=\"large\" grandient_color_from=\"#dd3333\" grandient_color_to=\"#dd3333\" grandient_color_fallback=\"#dd3333\" url=\"http:\/\/www.seri-lugano.ch\/pinelli-presby-profile-2\/\" align=\"center\" fullwidth=\"true\"]Pinelli Presby Profile\u00ae:<br>la soluzione per<br>la presbiopia[\/mk_button_gradient][\/vc_column]<\/p>\n<p>[vc_column width=\"1\/7\"][mk_button_gradient size=\"large\" grandient_color_from=\"#dd3333\" grandient_color_to=\"#dd3333\" grandient_color_fallback=\"#dd3333\" url=\"http:\/\/www.seri-lugano.ch\/cross-linking\/\" align=\"center\" fullwidth=\"true\" margin_right=\"0\"]Crosslinking osmotico transepiteliale con Paracel\u00ae per il cheratocono[\/mk_button_gradient][\/vc_column]<\/p>\n<p>[vc_column width=\"1\/7\"][mk_button_gradient size=\"large\" grandient_color_from=\"#dd3333\" grandient_color_to=\"#dd3333\" grandient_color_fallback=\"#dd3333\" url=\"http:\/\/www.seri-lugano.ch\/asa-x-tra\/\" align=\"center\" fullwidth=\"true\"]ASA Lux\u00ae: ablazione superficiale e fotoni[\/mk_button_gradient][\/vc_column]<\/p>\n<p>[vc_column width=\"1\/7\"][mk_button_gradient size=\"large\" grandient_color_from=\"#dd3333\" grandient_color_to=\"#dd3333\" grandient_color_fallback=\"#dd3333\" url=\"http:\/\/www.seri-lugano.ch\/patologie-della-retina\/\" align=\"center\" fullwidth=\"true\"]La retina e le sue patologie: esperienza, innovazione e natura[\/mk_button_gradient][\/vc_column]<\/p>\n<p>[vc_column width=\"1\/7\"][mk_button_gradient size=\"large\" grandient_color_from=\"#dd3333\" grandient_color_to=\"#dd3333\" grandient_color_fallback=\"#dd3333\" url=\"http:\/\/www.seri-lugano.ch\/femtolasik-lux\/\" align=\"center\" fullwidth=\"true\"]Femtolasik Lux\u00ae: il trattamento non invasivo con la luce<br>[\/mk_button_gradient][\/vc_column]<\/p>\n<p>[\/vc_row]<\/p>","_et_gb_content_width":"","inline_featured_image":false,"footnotes":""},"class_list":["post-5758","page","type-page","status-publish","hentry"],"_links":{"self":[{"href":"https:\/\/seri-lugano.ch\/en\/wp-json\/wp\/v2\/pages\/5758","targetHints":{"allow":["GET"]}}],"collection":[{"href":"https:\/\/seri-lugano.ch\/en\/wp-json\/wp\/v2\/pages"}],"about":[{"href":"https:\/\/seri-lugano.ch\/en\/wp-json\/wp\/v2\/types\/page"}],"author":[{"embeddable":true,"href":"https:\/\/seri-lugano.ch\/en\/wp-json\/wp\/v2\/users\/3"}],"replies":[{"embeddable":true,"href":"https:\/\/seri-lugano.ch\/en\/wp-json\/wp\/v2\/comments?post=5758"}],"version-history":[{"count":1,"href":"https:\/\/seri-lugano.ch\/en\/wp-json\/wp\/v2\/pages\/5758\/revisions"}],"predecessor-version":[{"id":248318,"href":"https:\/\/seri-lugano.ch\/en\/wp-json\/wp\/v2\/pages\/5758\/revisions\/248318"}],"up":[{"embeddable":true,"href":"https:\/\/seri-lugano.ch\/en\/wp-json\/wp\/v2\/pages\/5780"}],"wp:attachment":[{"href":"https:\/\/seri-lugano.ch\/en\/wp-json\/wp\/v2\/media?parent=5758"}],"curies":[{"name":"wp","href":"https:\/\/api.w.org\/{rel}","templated":true}]}}