{"id":5761,"date":"2018-01-23T10:05:00","date_gmt":"2018-01-23T09:05:00","guid":{"rendered":"https:\/\/staging.seri-lugano.ch\/astigmatismo\/"},"modified":"2024-04-11T11:34:28","modified_gmt":"2024-04-11T09:34:28","slug":"astigmatism-surgery","status":"publish","type":"page","link":"https:\/\/seri-lugano.ch\/en\/visual-defects-treatments\/astigmatism-surgery\/","title":{"rendered":"Astigmatism"},"content":{"rendered":"\n[et_pb_section fb_built=&#8221;1&#8243; _builder_version=&#8221;4.17.6&#8243; _module_preset=&#8221;default&#8221; custom_padding=&#8221;0px||0px||true|false&#8221; locked=&#8221;off&#8221; global_colors_info=&#8221;{}&#8221;][et_pb_row _builder_version=&#8221;4.17.4&#8243; _module_preset=&#8221;default&#8221; global_colors_info=&#8221;{}&#8221;][et_pb_column type=&#8221;4_4&#8243; _builder_version=&#8221;4.17.4&#8243; _module_preset=&#8221;default&#8221; global_colors_info=&#8221;{}&#8221;][et_pb_text _builder_version=&#8221;4.18.0&#8243; _module_preset=&#8221;default&#8221; header_font=&#8221;|700|||||||&#8221; header_text_align=&#8221;center&#8221; header_text_color=&#8221;#2C4E63&#8243; custom_margin_phone=&#8221;|0%|0px|0%|false|true&#8221; header_font_size_phone=&#8221;41px&#8221; global_colors_info=&#8221;{}&#8221;]<h1>ASTIGMATISM<\/h1>[\/et_pb_text][\/et_pb_column][\/et_pb_row][et_pb_row _builder_version=&#8221;4.17.4&#8243; _module_preset=&#8221;default&#8221; width_tablet=&#8221;&#8221; width_phone=&#8221;100%&#8221; width_last_edited=&#8221;on|phone&#8221; custom_padding=&#8221;0px||0px||true|false&#8221; global_colors_info=&#8221;{}&#8221; custom_margin__hover_enabled=&#8221;off|desktop&#8221;][et_pb_column type=&#8221;4_4&#8243; _builder_version=&#8221;4.17.4&#8243; _module_preset=&#8221;default&#8221; global_colors_info=&#8221;{}&#8221;][et_pb_text _builder_version=&#8221;4.17.6&#8243; _module_preset=&#8221;default&#8221; header_2_text_align=&#8221;left&#8221; custom_margin=&#8221;||0px||false|true&#8221; custom_padding=&#8221;0px||0px||true|false&#8221; locked=&#8221;off&#8221; global_colors_info=&#8221;{}&#8221;]<h2 bis_size=\"{&quot;x&quot;:11,&quot;y&quot;:16,&quot;w&quot;:576,&quot;h&quot;:24,&quot;abs_x&quot;:199,&quot;abs_y&quot;:392}\">What is astigmatism?<\/h2>[\/et_pb_text][et_pb_text _builder_version=&#8221;4.18.0&#8243; _module_preset=&#8221;default&#8221; text_text_color=&#8221;#000000&#8243; header_2_font=&#8221;|600|||||||&#8221; header_2_text_align=&#8221;left&#8221; header_4_font=&#8221;|600||on|||||&#8221; header_4_text_color=&#8221;#2C4E63&#8243; text_orientation=&#8221;justified&#8221; custom_margin=&#8221;|||||true&#8221; custom_margin_tablet=&#8221;|||||true&#8221; custom_margin_phone=&#8221;|5%||5%|false|true&#8221; global_colors_info=&#8221;{}&#8221;]<p>A sight defect caused by the irregular curvature of the cornea, astigmatism results in light rays from an object not being refracted evenly on the cornea, and therefore producing different degrees of focus at different points. People suffering from astigmatism have difficulty focusing both at a distance and close up.<\/p>\n<p style=\"text-align: justify;\">[\/et_pb_text][et_pb_image src=&#8221;https:\/\/seri-lugano.ch\/wp-content\/uploads\/astigmatismo-scaled.jpg&#8221; title_text=&#8221;Tired woman working from home feeling exhausted&#8221; _builder_version=&#8221;4.18.0&#8243; _module_preset=&#8221;default&#8221; max_width=&#8221;54%&#8221; max_width_tablet=&#8221;74%&#8221; max_width_phone=&#8221;100%&#8221; max_width_last_edited=&#8221;on|phone&#8221; module_alignment=&#8221;center&#8221; custom_margin=&#8221;||||false|false&#8221; custom_padding=&#8221;0px||34px||false|false&#8221; custom_padding_tablet=&#8221;0px||0px||true|false&#8221; custom_padding_phone=&#8221;0px|5%|0px|5%|true|true&#8221; custom_padding_last_edited=&#8221;on|phone&#8221; locked=&#8221;off&#8221; global_colors_info=&#8221;{}&#8221;][\/et_pb_image][et_pb_text _builder_version=&#8221;4.17.6&#8243; _module_preset=&#8221;default&#8221; header_2_text_align=&#8221;left&#8221; custom_margin=&#8221;||0px||false|true&#8221; custom_padding=&#8221;0px||0px||true|false&#8221; global_colors_info=&#8221;{}&#8221;]<h2>How can astigmatism be corrected?<\/h2>\n<h2><\/h2>[\/et_pb_text][et_pb_text _builder_version=&#8221;4.18.0&#8243; _module_preset=&#8221;default&#8221; text_text_color=&#8221;#000000&#8243; header_2_font=&#8221;|600|||||||&#8221; header_2_text_align=&#8221;left&#8221; header_4_font=&#8221;|600||on|||||&#8221; header_4_text_color=&#8221;#2C4E63&#8243; text_orientation=&#8221;justified&#8221; custom_margin=&#8221;|||||true&#8221; custom_margin_tablet=&#8221;|||||true&#8221; custom_margin_phone=&#8221;|5%||5%|false|true&#8221; global_colors_info=&#8221;{}&#8221;]<p>Not all corneas are the same. An in-depth pre-operative evaluation will be performed by our specialists to identify the best corrective technique for each patient. Under the scientific direction of\u00a0Dr Roberto Pinelli, SERI has developed several innovative techniques to correct refractive errors and solve the problems caused by astigmatism. In most cases the solutions offered by the Switzerland Eye Research Institute use excimer laser for the\u00a0correction of astigmatism.<\/p>\n<p>One of the most popular laser treatment is the\u00a0Lasik Lux\u00ae. In addition to reshaping the corneal surface with\u00a0excimer laser\u00a0it also strengthens the cornea thanks to the synergistic action of\u00a0riboflavin\u00a0and exposure to\u00a0UV-A rays.<\/p>\n<p>Patients suffering from only a mild form of astigmatism can benefit from one of the most advanced and innovative solutions available today, which SERI can offer on an exclusive basis: Avedro\u2019s PiXL.<\/p>\n<p>For patients with a very thin corneal surface the ideal solution is the\u00a0ASA X-tra (Advanced Surface Ablation), which also offers the additional advantage of the riboflavin and UV-A rays reinforcing effect.<\/p>\n<p>Astigmatism surgery at SERI is usually a bilateral procedure, performed on both eyes during a single operation.<\/p>\n<p style=\"text-align: justify;\">[\/et_pb_text][\/et_pb_column][\/et_pb_row][et_pb_row _builder_version=&#8221;4.24.3&#8243; _module_preset=&#8221;default&#8221; locked=&#8221;off&#8221;][et_pb_column _builder_version=&#8221;4.24.3&#8243; _module_preset=&#8221;default&#8221; type=&#8221;4_4&#8243;][et_pb_contact_form use_spam_service=&#8221;on&#8221; recaptcha_list=&#8221;Default|Default-0&#8243; recaptcha_min_score=&#8221;0.6&#8243; title=&#8221;Contact us if you&#8217;re interested in our treatments.&#8221; success_message=&#8221;Thanks for filling out the contact form! We&#8217;ll be in touch shortly!&#8221; module_id=&#8221;et_pb_contact_form_0&#8243; _builder_version=&#8221;4.24.3&#8243; _module_preset=&#8221;default&#8221; _unique_id=&#8221;5ac3d8f5-9e85-46da-8ae1-594c722ccd3f&#8221; title_font=&#8221;|||on|||||&#8221; title_text_align=&#8221;center&#8221; title_text_color=&#8221;#DD2E2E&#8221; title_letter_spacing=&#8221;7px&#8221; saved_tabs=&#8221;all&#8221; global_colors_info=&#8221;{}&#8221; global_module=&#8221;248294&#8243; theme_builder_area=&#8221;post_content&#8221;][et_pb_contact_field field_id=&#8221;Name&#8221; field_title=&#8221;Name&#8221; _builder_version=&#8221;4.24.3&#8243; global_colors_info=&#8221;{}&#8221; button_text_size__hover_enabled=&#8221;off&#8221; button_one_text_size__hover_enabled=&#8221;off&#8221; button_two_text_size__hover_enabled=&#8221;off&#8221; button_text_color__hover_enabled=&#8221;off&#8221; button_one_text_color__hover_enabled=&#8221;off&#8221; button_two_text_color__hover_enabled=&#8221;off&#8221; button_border_width__hover_enabled=&#8221;off&#8221; button_one_border_width__hover_enabled=&#8221;off&#8221; button_two_border_width__hover_enabled=&#8221;off&#8221; button_border_color__hover_enabled=&#8221;off&#8221; button_one_border_color__hover_enabled=&#8221;off&#8221; button_two_border_color__hover_enabled=&#8221;off&#8221; button_border_radius__hover_enabled=&#8221;off&#8221; button_one_border_radius__hover_enabled=&#8221;off&#8221; button_two_border_radius__hover_enabled=&#8221;off&#8221; button_letter_spacing__hover_enabled=&#8221;off&#8221; button_one_letter_spacing__hover_enabled=&#8221;off&#8221; button_two_letter_spacing__hover_enabled=&#8221;off&#8221; button_bg_color__hover_enabled=&#8221;off&#8221; button_one_bg_color__hover_enabled=&#8221;off&#8221; button_two_bg_color__hover_enabled=&#8221;off&#8221; theme_builder_area=&#8221;post_content&#8221;][\/et_pb_contact_field][et_pb_contact_field field_id=&#8221;Email&#8221; field_title=&#8221;Email&#8221; field_type=&#8221;email&#8221; _builder_version=&#8221;4.24.3&#8243; global_colors_info=&#8221;{}&#8221; button_text_size__hover_enabled=&#8221;off&#8221; button_one_text_size__hover_enabled=&#8221;off&#8221; button_two_text_size__hover_enabled=&#8221;off&#8221; button_text_color__hover_enabled=&#8221;off&#8221; button_one_text_color__hover_enabled=&#8221;off&#8221; button_two_text_color__hover_enabled=&#8221;off&#8221; button_border_width__hover_enabled=&#8221;off&#8221; button_one_border_width__hover_enabled=&#8221;off&#8221; button_two_border_width__hover_enabled=&#8221;off&#8221; button_border_color__hover_enabled=&#8221;off&#8221; button_one_border_color__hover_enabled=&#8221;off&#8221; button_two_border_color__hover_enabled=&#8221;off&#8221; button_border_radius__hover_enabled=&#8221;off&#8221; button_one_border_radius__hover_enabled=&#8221;off&#8221; button_two_border_radius__hover_enabled=&#8221;off&#8221; button_letter_spacing__hover_enabled=&#8221;off&#8221; button_one_letter_spacing__hover_enabled=&#8221;off&#8221; button_two_letter_spacing__hover_enabled=&#8221;off&#8221; button_bg_color__hover_enabled=&#8221;off&#8221; button_one_bg_color__hover_enabled=&#8221;off&#8221; button_two_bg_color__hover_enabled=&#8221;off&#8221; theme_builder_area=&#8221;post_content&#8221;][\/et_pb_contact_field][et_pb_contact_field field_id=&#8221;Message&#8221; field_title=&#8221;Message&#8221; field_type=&#8221;text&#8221; fullwidth_field=&#8221;on&#8221; _builder_version=&#8221;4.24.3&#8243; global_colors_info=&#8221;{}&#8221; button_text_size__hover_enabled=&#8221;off&#8221; button_one_text_size__hover_enabled=&#8221;off&#8221; button_two_text_size__hover_enabled=&#8221;off&#8221; button_text_color__hover_enabled=&#8221;off&#8221; button_one_text_color__hover_enabled=&#8221;off&#8221; button_two_text_color__hover_enabled=&#8221;off&#8221; button_border_width__hover_enabled=&#8221;off&#8221; button_one_border_width__hover_enabled=&#8221;off&#8221; button_two_border_width__hover_enabled=&#8221;off&#8221; button_border_color__hover_enabled=&#8221;off&#8221; button_one_border_color__hover_enabled=&#8221;off&#8221; button_two_border_color__hover_enabled=&#8221;off&#8221; button_border_radius__hover_enabled=&#8221;off&#8221; button_one_border_radius__hover_enabled=&#8221;off&#8221; button_two_border_radius__hover_enabled=&#8221;off&#8221; button_letter_spacing__hover_enabled=&#8221;off&#8221; button_one_letter_spacing__hover_enabled=&#8221;off&#8221; button_two_letter_spacing__hover_enabled=&#8221;off&#8221; button_bg_color__hover_enabled=&#8221;off&#8221; button_one_bg_color__hover_enabled=&#8221;off&#8221; button_two_bg_color__hover_enabled=&#8221;off&#8221; field_title__hover_enabled=&#8221;off|desktop&#8221; theme_builder_area=&#8221;post_content&#8221;][\/et_pb_contact_field][\/et_pb_contact_form][\/et_pb_column][\/et_pb_row][\/et_pb_section]\n","protected":false},"excerpt":{"rendered":"<p>ASTIGMATISMWhat is astigmatism?A sight defect caused by the irregular curvature of the cornea, astigmatism results in light rays from an object not being refracted evenly on the cornea, and therefore producing different degrees of focus at different points. People suffering from astigmatism have difficulty focusing both at a distance and close up. How can astigmatism [&hellip;]<\/p>\n","protected":false},"author":3,"featured_media":0,"parent":5789,"menu_order":0,"comment_status":"closed","ping_status":"closed","template":"","meta":{"_et_pb_use_builder":"on","_et_pb_old_content":"[mk_page_section bg_image=\"http:\/\/www.seri-lugano.ch\/wp-content\/uploads\/2018\/01\/astigmatismo.jpg\" bg_position=\"center top\" bg_stretch=\"true\" sidebar=\"sidebar-1\"][vc_column][mk_padding_divider size=\"240\"][\/vc_column][\/mk_page_section][mk_page_section bg_color=\"#dd3333\" video_loop=\"false\" min_height=\"57\" full_width=\"true\" sidebar=\"sidebar-1\"][vc_column][vc_column_text]\n<h2 style=\"text-align: center;\"><span style=\"color: #ffffff;\">ASTIGMATISMO<\/span><\/h2>\n[\/vc_column_text][\/vc_column][\/mk_page_section][vc_row][vc_column][mk_padding_divider][\/vc_column][\/vc_row][vc_row][vc_column width=\"2\/3\"][vc_column_text]\n<p class=\"bodytext\">\u00c8 un difetto visivo dovuto alla <b>curvatura asimmetrica\u00a0<\/b>della cornea. I raggi luminosi provenienti da un oggetto non sono rifratti sulla cornea allo stesso modo, ma la capacit\u00e0 di messa a fuoco varia nei diversi punti. Gli astigmatici hanno difficolt\u00e0 di messa a fuoco sia da lontano, sia da vicino.<\/p>\n<b>In che modo posso correggere l\u2019astigmatismo?\n<\/b>Un\u2019 approfondita <b>consulenza pre-operatoria di idoneit\u00e0 all'intervento\u00a0<\/b>con i nostri specialisti permetter\u00e0 di individuare la tecnica pi\u00f9 adatta alle esigenze dei vostri occhi. Non tutte le cornee, infatti, sono uguali, cos\u00ec come ogni paziente \u00e8 unico, e <b>SERI Lugano<\/b>, grazie alla direzione scientifica del\u00a0<b>Dr. Roberto Pinelli<\/b>, ha quindi sviluppato diverse tecniche innovative, in modo da poter risolvere i diversi fastididella sfera visiva.\n<p class=\"bodytext\">Il trattamento utilizzato pi\u00f9 spesso \u00e8 sicuramente la<a title=\"Opens internal link in current window\" href=\"http:\/\/www.seri-lugano.ch\/soluzioni\/femtolasik-lux-r\/\">\u00a0<\/a><a title=\"Opens internal link in current window\" href=\"http:\/\/www.seri-lugano.ch\/femtolasik-lux\/\">tecnica FemtoLasik Lux\u00ae<\/a>, messa a punto e brevettata dal Dr. Roberto Pinelli. La <b>procedura \"no-touch\"\u00a0<\/b>non impiega ferri, lame, taglienti e strumenti chirurgici ma i diversi passaggi della procedura vengono realizzati grazie a distinte <b>fonti di luce<\/b>, che inviano i <b>foton<\/b><strong>i<\/strong> sulla superficie corneale con una modalit\u00e0 assolutamente non invasiva.<\/p>\n<b>Femtosecondi<\/b>,\u00a0<b>eccimeri\u00a0<\/b>e <b>ultravioletti\u00a0<\/b>in tre differenti fasi della procedura per rimodellare la superficie corneale e rinforzarla con un trattamento a base di <b>ParaCel\u00ae (riboflavina)\u00a0<\/b>e <b>raggi UV-A (luce ultravioletta).<\/b><b><\/b>\n\nPer persone con uno spessore corneale particolarmente sottile \u00e8 invece stata pensata la tecnica\u00a0ASA Lux<b>\u00ae<\/b>,che, \u00a0dopo la fase deputata alla curvatura della superficie corneale, prevede un ulteriore trattamento rinforzante della cornea tramite <b>crosslinking osmotico transepiteliale\u00a0<\/b>che utilizza il <b>collirio ParaCel\u00ae\u00a0<\/b>e\u00a0<b>i <\/b><b>raggi UV-A (luce ultravioletta).<\/b>\n\nAnche il trattamento dell'astigmatismo, come numerosi altri interventi eseguiti nel nostro Istituto, avviene in modo bilaterale, cio\u00e8 in un\u2019unica seduta per entrambi gli occhi.[\/vc_column_text][mk_button size=\"medium\" url=\"http:\/\/www.seri-lugano.ch\/contatti\/\"]Richiedi + Info[\/mk_button][\/vc_column][vc_column width=\"1\/3\"][vc_column_text]<strong><span style=\"color: #ff0000;\">Difetti visivi<\/span><\/strong>[\/vc_column_text][vc_wp_custommenu nav_menu=\"9\"][\/vc_column][\/vc_row][vc_row][vc_column][mk_padding_divider][\/vc_column]\n\n[vc_row][vc_column width=\"1\/7\"][mk_button_gradient size=\"large\" grandient_color_from=\"#dd3333\" grandient_color_to=\"#dd3333\" grandient_color_fallback=\"#dd3333\" url=\"https:\/\/www.seri-lugano.ch\/fotobiomodulazione\/\" align=\"center\" fullwidth=\"true\"]Foto bio modulazione un futuro pi\u00f9 luminoso per la degenerazione maculare senile e le affezioni retiniche[\/mk_button_gradient][\/vc_column]\n\n[vc_column width=\"1\/7\"][mk_button_gradient size=\"large\" grandient_color_from=\"#dd3333\" grandient_color_to=\"#dd3333\" grandient_color_fallback=\"#dd3333\" url=\"http:\/\/www.seri-lugano.ch\/pinelli-presby-profile-2\/\" align=\"center\" fullwidth=\"true\"]Pinelli Presby Profile\u00ae:\nla soluzione per\nla presbiopia[\/mk_button_gradient][\/vc_column]\n\n[vc_column width=\"1\/7\"][mk_button_gradient size=\"large\" grandient_color_from=\"#dd3333\" grandient_color_to=\"#dd3333\" grandient_color_fallback=\"#dd3333\" url=\"http:\/\/www.seri-lugano.ch\/cross-linking\/\" align=\"center\" fullwidth=\"true\" margin_right=\"0\"]Crosslinking osmotico transepiteliale con Paracel\u00ae per il cheratocono[\/mk_button_gradient][\/vc_column]\n\n[vc_column width=\"1\/7\"][mk_button_gradient size=\"large\" grandient_color_from=\"#dd3333\" grandient_color_to=\"#dd3333\" grandient_color_fallback=\"#dd3333\" url=\"http:\/\/www.seri-lugano.ch\/asa-x-tra\/\" align=\"center\" fullwidth=\"true\"]ASA Lux\u00ae: ablazione superficiale e fotoni[\/mk_button_gradient][\/vc_column]\n\n[vc_column width=\"1\/7\"][mk_button_gradient size=\"large\" grandient_color_from=\"#dd3333\" grandient_color_to=\"#dd3333\" grandient_color_fallback=\"#dd3333\" url=\"http:\/\/www.seri-lugano.ch\/patologie-della-retina\/\" align=\"center\" fullwidth=\"true\"]La retina e le sue patologie: esperienza, innovazione e natura[\/mk_button_gradient][\/vc_column]\n\n[vc_column width=\"1\/7\"][mk_button_gradient size=\"large\" grandient_color_from=\"#dd3333\" grandient_color_to=\"#dd3333\" grandient_color_fallback=\"#dd3333\" url=\"http:\/\/www.seri-lugano.ch\/femtolasik-lux\/\" align=\"center\" fullwidth=\"true\"]Femtolasik Lux\u00ae: il trattamento non invasivo con la luce\n[\/mk_button_gradient][\/vc_column]\n\n[\/vc_row]","_et_gb_content_width":"","inline_featured_image":false,"footnotes":""},"class_list":["post-5761","page","type-page","status-publish","hentry"],"_links":{"self":[{"href":"https:\/\/seri-lugano.ch\/en\/wp-json\/wp\/v2\/pages\/5761","targetHints":{"allow":["GET"]}}],"collection":[{"href":"https:\/\/seri-lugano.ch\/en\/wp-json\/wp\/v2\/pages"}],"about":[{"href":"https:\/\/seri-lugano.ch\/en\/wp-json\/wp\/v2\/types\/page"}],"author":[{"embeddable":true,"href":"https:\/\/seri-lugano.ch\/en\/wp-json\/wp\/v2\/users\/3"}],"replies":[{"embeddable":true,"href":"https:\/\/seri-lugano.ch\/en\/wp-json\/wp\/v2\/comments?post=5761"}],"version-history":[{"count":2,"href":"https:\/\/seri-lugano.ch\/en\/wp-json\/wp\/v2\/pages\/5761\/revisions"}],"predecessor-version":[{"id":248342,"href":"https:\/\/seri-lugano.ch\/en\/wp-json\/wp\/v2\/pages\/5761\/revisions\/248342"}],"up":[{"embeddable":true,"href":"https:\/\/seri-lugano.ch\/en\/wp-json\/wp\/v2\/pages\/5789"}],"wp:attachment":[{"href":"https:\/\/seri-lugano.ch\/en\/wp-json\/wp\/v2\/media?parent=5761"}],"curies":[{"name":"wp","href":"https:\/\/api.w.org\/{rel}","templated":true}]}}