{"id":5789,"date":"2018-01-16T17:58:06","date_gmt":"2018-01-16T16:58:06","guid":{"rendered":"https:\/\/staging.seri-lugano.ch\/difetti-visivi\/"},"modified":"2024-04-11T11:33:15","modified_gmt":"2024-04-11T09:33:15","slug":"visual-defects-treatments","status":"publish","type":"page","link":"https:\/\/seri-lugano.ch\/en\/visual-defects-treatments\/","title":{"rendered":"Disorders and visual defects"},"content":{"rendered":"\n[et_pb_section fb_built=&#8221;1&#8243; _builder_version=&#8221;4.17.6&#8243; _module_preset=&#8221;default&#8221; background_color=&#8221;RGBA(255,255,255,0)&#8221; background_image=&#8221;https:\/\/seri-lugano.ch\/wp-content\/uploads\/difetti-visivi-scaled.jpg&#8221; background_blend=&#8221;overlay&#8221; min_height=&#8221;347px&#8221; min_height_tablet=&#8221;291px&#8221; min_height_phone=&#8221;291px&#8221; min_height_last_edited=&#8221;on|phone&#8221; custom_padding=&#8221;7%||0px||false|false&#8221; box_shadow_style=&#8221;preset3&#8243; box_shadow_blur=&#8221;31px&#8221; box_shadow_spread=&#8221;-28px&#8221; locked=&#8221;off&#8221; global_colors_info=&#8221;{}&#8221;][\/et_pb_section][et_pb_section fb_built=&#8221;1&#8243; _builder_version=&#8221;4.18.0&#8243; _module_preset=&#8221;default&#8221; custom_padding=&#8221;3%||3%||true|false&#8221; locked=&#8221;off&#8221; global_colors_info=&#8221;{}&#8221;][et_pb_row _builder_version=&#8221;4.18.0&#8243; _module_preset=&#8221;default&#8221; width=&#8221;100%&#8221; custom_padding=&#8221;0px||0px||true|false&#8221; global_colors_info=&#8221;{}&#8221;][et_pb_column type=&#8221;4_4&#8243; _builder_version=&#8221;4.16&#8243; _module_preset=&#8221;default&#8221; global_colors_info=&#8221;{}&#8221;][et_pb_text _builder_version=&#8221;4.18.0&#8243; _module_preset=&#8221;default&#8221; text_text_color=&#8221;RGBA(255,255,255,0)&#8221; text_font_size=&#8221;40px&#8221; text_line_height=&#8221;1em&#8221; header_font=&#8221;|700|||||||&#8221; header_text_color=&#8221;#FFFFFF&#8221; header_font_size=&#8221;43px&#8221; background_color=&#8221;RGBA(255,255,255,0)&#8221; custom_margin=&#8221;||50px||false|false&#8221; custom_margin_phone=&#8221;|0%|5%|0%|false|true&#8221; custom_padding=&#8221;|0px||0px|false|true&#8221; header_font_size_tablet=&#8221;43px&#8221; header_font_size_phone=&#8221;39px&#8221; border_radii=&#8221;off|18px||18px|&#8221; border_color_all=&#8221;#DD2E2E&#8221; global_colors_info=&#8221;{}&#8221;]<h1 style=\"text-align: center;\"><light style=\"text-align: center; color: #2c4e63 !important;\">DISORDERS AND VISUAL DEFECTS<\/light><\/h1>[\/et_pb_text][et_pb_text _builder_version=&#8221;4.17.6&#8243; _module_preset=&#8221;default&#8221; custom_margin=&#8221;||1%||false|true&#8221; custom_padding=&#8221;0px||0px||true|false&#8221; global_colors_info=&#8221;{}&#8221;]<h2>LIGHT IS THE KEY TO HEALTHY EYES AND PERSONAL WELL-BEING<\/h2>[\/et_pb_text][et_pb_text _builder_version=&#8221;4.18.0&#8243; _module_preset=&#8221;default&#8221; header_2_text_align=&#8221;left&#8221; custom_margin=&#8221;||0px||false|true&#8221; custom_padding=&#8221;0px||0px||true|false&#8221; global_colors_info=&#8221;{}&#8221;]<p>Neuroscience has borne out our long-standing belief in what is a major research focus of our institute: light is the tool whose expressions of energy in all its myriad forms enables our visual system to repair damage induced by retinal neurodegenerative processes. It is also the conduit for eliminating visual impairments, as well as the preferred tool for certain corneal diseases. Retinal diseases, corneal diseases, and refractive errors are different eye problems that also have different origins but, all of them prevent the human eye from seeing accurately, thus affecting our quality of life.<\/p>\n<p>Refractive errors arise from the inadequate optical projection of light inside our eyes. When light rays from outside fail to focus on the retina but instead focus on the area in front of the retina, we use the term \u201cmyopia\u201d. Alternatively, the rays may be focused behind the retina: this is known as \u201chypermetropia\u201d.For the correction of myopia, hypermetropia, and astigmatism, SERI Lugano offers Femtolasik Lux\u00ae. For presbyopia this is in the form of the Pinelli Presby Profile\u00ae algorithm. Treatments are non-invasive involving the corneal surface and can be defined as &#8220;non-surgical&#8221;, since no scalpels, blades, cutting edges, or surgical instruments are used.<\/p>\n<p>For eye disorders originating from impaired retinal cells, such as age-related macular degeneration, PBM (PhotoBioModulation) according to the Lugano Protocol (see published papers) is the treatment of choice.<\/p>\n<p>Regarding keratoconus, which was once unfortunately only resolvable via corneal transplantation, it is possible to halt its evolution by transepithelial osmotic corneal crosslinking with ParaCel\u00e2. Treatments in all of these cases are rapid and pain-free, allowing the patient to go home the same day.<\/p>\n<p style=\"text-align: justify;\">[\/et_pb_text][\/et_pb_column][\/et_pb_row][et_pb_row _builder_version=&#8221;4.18.0&#8243; _module_preset=&#8221;default&#8221; column_structure=&#8221;1_3,1_3,1_3&#8243; hover_enabled=&#8221;0&#8243; sticky_enabled=&#8221;0&#8243; custom_margin=&#8221;20px||0px||false|false&#8221; custom_padding=&#8221;0px||0px||false|false&#8221; make_equal=&#8221;on&#8221;][et_pb_column _builder_version=&#8221;4.18.0&#8243; _module_preset=&#8221;default&#8221; type=&#8221;1_3&#8243;][et_pb_button button_url=&#8221;\/en\/retinopatie-maculopatie-glaucoma-eng\/&#8221; button_text=&#8221;GLAUCOMA, RETINAL AND MACULAR DISEASES&#8221; _builder_version=&#8221;4.18.0&#8243; _module_preset=&#8221;default&#8221; custom_button=&#8221;on&#8221; button_text_color=&#8221;#DD2E2E&#8221; button_border_width=&#8221;3px&#8221; button_border_radius=&#8221;7px&#8221; button_use_icon=&#8221;off&#8221; custom_margin=&#8221;auto||10px||false|false&#8221; custom_margin_tablet=&#8221;auto||30px||false|false&#8221; custom_margin_phone=&#8221;6%||0px|5%|false|false&#8221; custom_margin_last_edited=&#8221;on|phone&#8221; hover_enabled=&#8221;0&#8243; custom_css_main_element=&#8221;display: flex;||&#8221; global_colors_info=&#8221;{}&#8221; button_text_color__hover=&#8221;#FFFFFF&#8221; button_text_color__hover_enabled=&#8221;on|desktop&#8221; button_bg_color__hover=&#8221;#DD2E2E&#8221; button_bg_color__hover_enabled=&#8221;on|desktop&#8221; locked=&#8221;off&#8221; sticky_enabled=&#8221;0&#8243; button_alignment=&#8221;center&#8221;][\/et_pb_button][\/et_pb_column][et_pb_column _builder_version=&#8221;4.18.0&#8243; _module_preset=&#8221;default&#8221; type=&#8221;1_3&#8243;][et_pb_button button_url=&#8221;\/en\/cheratocono\/&#8221; button_text=&#8221;KERATOCONUS&#8221; _builder_version=&#8221;4.18.0&#8243; _module_preset=&#8221;default&#8221; custom_button=&#8221;on&#8221; button_text_color=&#8221;#DD2E2E&#8221; button_border_width=&#8221;3px&#8221; button_border_radius=&#8221;7px&#8221; button_use_icon=&#8221;off&#8221; custom_margin=&#8221;auto||auto||false|false&#8221; custom_margin_tablet=&#8221;auto||30px||false|false&#8221; custom_margin_phone=&#8221;6%||0px|5%|false|false&#8221; custom_margin_last_edited=&#8221;on|phone&#8221; custom_css_main_element=&#8221;display: flex;||&#8221; global_colors_info=&#8221;{}&#8221; button_text_color__hover=&#8221;#FFFFFF&#8221; button_text_color__hover_enabled=&#8221;on|desktop&#8221; button_bg_color__hover=&#8221;#DD2E2E&#8221; button_bg_color__hover_enabled=&#8221;on|desktop&#8221; locked=&#8221;off&#8221; button_alignment=&#8221;center&#8221;][\/et_pb_button][\/et_pb_column][et_pb_column _builder_version=&#8221;4.18.0&#8243; _module_preset=&#8221;default&#8221; type=&#8221;1_3&#8243;][et_pb_button button_url=&#8221;\/en\/miopia\/&#8221; button_text=&#8221;MYOPIA&#8221; _builder_version=&#8221;4.18.0&#8243; _module_preset=&#8221;default&#8221; custom_button=&#8221;on&#8221; button_text_color=&#8221;#DD2E2E&#8221; button_border_width=&#8221;3px&#8221; button_border_radius=&#8221;7px&#8221; button_use_icon=&#8221;off&#8221; custom_margin=&#8221;auto||auto||false|false&#8221; custom_margin_tablet=&#8221;auto||30px||false|false&#8221; custom_margin_phone=&#8221;6%||0px|5%|false|false&#8221; custom_margin_last_edited=&#8221;on|phone&#8221; hover_enabled=&#8221;0&#8243; custom_css_main_element=&#8221;display: flex;||&#8221; global_colors_info=&#8221;{}&#8221; button_text_color__hover=&#8221;#FFFFFF&#8221; button_text_color__hover_enabled=&#8221;on|desktop&#8221; button_bg_color__hover=&#8221;#DD2E2E&#8221; button_bg_color__hover_enabled=&#8221;on|desktop&#8221; locked=&#8221;off&#8221; button_alignment=&#8221;center&#8221; sticky_enabled=&#8221;0&#8243;][\/et_pb_button][\/et_pb_column][\/et_pb_row][et_pb_row _builder_version=&#8221;4.18.0&#8243; _module_preset=&#8221;default&#8221; column_structure=&#8221;1_3,1_3,1_3&#8243; hover_enabled=&#8221;0&#8243; sticky_enabled=&#8221;0&#8243; custom_margin=&#8221;0px||0px||false|false&#8221; custom_padding=&#8221;0px||0px||false|false&#8221; make_equal=&#8221;on&#8221;][et_pb_column _builder_version=&#8221;4.18.0&#8243; _module_preset=&#8221;default&#8221; type=&#8221;1_3&#8243;][et_pb_button button_url=&#8221;\/en\/ipermetropia\/&#8221; button_text=&#8221;HYPEROPIA&#8221; _builder_version=&#8221;4.18.0&#8243; _module_preset=&#8221;default&#8221; custom_button=&#8221;on&#8221; button_text_color=&#8221;#DD2E2E&#8221; button_border_width=&#8221;3px&#8221; button_border_radius=&#8221;7px&#8221; button_use_icon=&#8221;off&#8221; custom_margin=&#8221;auto||auto||false|false&#8221; custom_margin_tablet=&#8221;auto||30px||false|false&#8221; custom_margin_phone=&#8221;6%||0px|5%|false|false&#8221; custom_margin_last_edited=&#8221;on|phone&#8221; hover_enabled=&#8221;0&#8243; custom_css_main_element=&#8221;display: flex;||&#8221; global_colors_info=&#8221;{}&#8221; button_text_color__hover=&#8221;#FFFFFF&#8221; button_text_color__hover_enabled=&#8221;on|desktop&#8221; button_bg_color__hover=&#8221;#DD2E2E&#8221; button_bg_color__hover_enabled=&#8221;on|desktop&#8221; locked=&#8221;off&#8221; sticky_enabled=&#8221;0&#8243; button_alignment=&#8221;center&#8221;][\/et_pb_button][\/et_pb_column][et_pb_column _builder_version=&#8221;4.18.0&#8243; _module_preset=&#8221;default&#8221; type=&#8221;1_3&#8243;][et_pb_button button_url=&#8221;\/en\/presbiopia\/&#8221; button_text=&#8221;PRESBYOPIA&#8221; _builder_version=&#8221;4.18.0&#8243; _module_preset=&#8221;default&#8221; custom_button=&#8221;on&#8221; button_text_color=&#8221;#DD2E2E&#8221; button_border_width=&#8221;3px&#8221; button_border_radius=&#8221;7px&#8221; button_use_icon=&#8221;off&#8221; custom_margin=&#8221;auto||10px||false|false&#8221; custom_margin_tablet=&#8221;auto||30px||false|false&#8221; custom_margin_phone=&#8221;6%||0px|5%|false|false&#8221; custom_margin_last_edited=&#8221;on|phone&#8221; custom_css_main_element=&#8221;display: flex;||&#8221; global_colors_info=&#8221;{}&#8221; button_text_color__hover=&#8221;#FFFFFF&#8221; button_text_color__hover_enabled=&#8221;on|desktop&#8221; button_bg_color__hover=&#8221;#DD2E2E&#8221; button_bg_color__hover_enabled=&#8221;on|desktop&#8221; locked=&#8221;off&#8221; button_alignment=&#8221;center&#8221;][\/et_pb_button][\/et_pb_column][et_pb_column _builder_version=&#8221;4.18.0&#8243; _module_preset=&#8221;default&#8221; type=&#8221;1_3&#8243;][et_pb_button button_url=&#8221;\/en\/astigmatismo\/&#8221; button_text=&#8221;ASTIGMATISM&#8221; _builder_version=&#8221;4.18.0&#8243; _module_preset=&#8221;default&#8221; custom_button=&#8221;on&#8221; button_text_color=&#8221;#DD2E2E&#8221; button_border_width=&#8221;3px&#8221; button_border_radius=&#8221;7px&#8221; button_use_icon=&#8221;off&#8221; custom_margin=&#8221;auto||auto||false|false&#8221; custom_margin_tablet=&#8221;auto||30px||false|false&#8221; custom_margin_phone=&#8221;6%||0px|5%|false|false&#8221; custom_margin_last_edited=&#8221;on|phone&#8221; hover_enabled=&#8221;0&#8243; custom_css_main_element=&#8221;display: flex;||&#8221; global_colors_info=&#8221;{}&#8221; button_text_color__hover=&#8221;#FFFFFF&#8221; button_text_color__hover_enabled=&#8221;on|desktop&#8221; button_bg_color__hover=&#8221;#DD2E2E&#8221; button_bg_color__hover_enabled=&#8221;on|desktop&#8221; locked=&#8221;off&#8221; button_alignment=&#8221;center&#8221; sticky_enabled=&#8221;0&#8243;][\/et_pb_button][\/et_pb_column][\/et_pb_row][\/et_pb_section]\n","protected":false},"excerpt":{"rendered":"<p>DISORDERS AND VISUAL DEFECTSLIGHT IS THE KEY TO HEALTHY EYES AND PERSONAL WELL-BEINGNeuroscience has borne out our long-standing belief in what is a major research focus of our institute: light is the tool whose expressions of energy in all its myriad forms enables our visual system to repair damage induced by retinal neurodegenerative processes. It [&hellip;]<\/p>\n","protected":false},"author":3,"featured_media":0,"parent":0,"menu_order":0,"comment_status":"closed","ping_status":"closed","template":"","meta":{"_et_pb_use_builder":"on","_et_pb_old_content":"[mk_page_section bg_image=\"http:\/\/www.seri-lugano.ch\/wp-content\/uploads\/2018\/01\/difetti-visivi-roberto-pinelli.jpg\" bg_position=\"center center\" bg_stretch=\"true\" sidebar=\"sidebar-1\"][vc_column][mk_padding_divider size=\"100\"][mk_padding_divider size=\"100\"][mk_padding_divider size=\"100\"][\/vc_column][\/mk_page_section][mk_page_section bg_color=\"#dd3333\" video_loop=\"false\" min_height=\"57\" full_width=\"true\" sidebar=\"sidebar-1\"][vc_column][vc_column_text]\n<h2 style=\"text-align: center;\"><span style=\"color: #ffffff;\">DIFETTI VISIVI\u00a0<\/span><\/h2>\n[\/vc_column_text][\/vc_column][\/mk_page_section][vc_row][vc_column][mk_padding_divider][\/vc_column][\/vc_row][vc_row][vc_column][vc_column_text]\n<div class=\"hideonmobile\">\n<div id=\"c117\" class=\"csc-default csc-space-after-60\">\n<h1 class=\"csc-firstHeader\" style=\"text-align: center;\">LIBERATI DAL PESO DEGLI OCCHIALI CON LE PI\u00d9 INNOVATIVE SOLUZIONI DI CHIRURGIA REFRATTIVA.<\/h1>\nI\u00a0difetti visivi che impediscono all'occhio umano di vedere nitidamentesono noti anche come vizi o errori di refrazione\n\nI\u00a0<strong>vizi di refrazione\u00a0<\/strong>nascono da una inadeguata proiezione ottica della luce all'interno dei nostri occhi. I raggi luminosi provenienti dall\u2019esterno non riescono ad andare a <strong>fuoco sulla retina<\/strong>, ma nella zona anteriore la retina, si parla in questo caso di <strong>miopia<\/strong>; oppure i raggi vengono messi a fuoco oltre, dietro la retina: \u00e8 questo il caso dell'<strong>ipermetropia<\/strong>.\n<p class=\"bodytext\">Per la correzione di miopia, ipermetropia, astigmatismo e presbiopia <strong>SERI Lugano\u00a0<\/strong>propone differenti\u00a0<strong>interventi \"no-touch\"<\/strong>, che possono essere definiti <strong>\"non-chirurgici\"\u00a0<\/strong>perch\u00e9 non impiegano ferri, lame, taglienti o strumenti chirurgici che interessano la superficie corneale (la <strong>Femtolasik Lux<\/strong><strong>\u00ae <\/strong>e la <strong>Pinelli Presby Profile\u00ae<\/strong><strong>, <\/strong>ad esempio)oppure <strong>interventi intraoculari\u00a0<\/strong>per ovviare a difetti visivi pi\u00f9 elevati, o quando \u00e8 presente anche una cataratta (<strong>lensectomia a scopo refrattivo\u00a0<\/strong>o <strong>impianto di lente\u00a0<\/strong><strong>fachica<\/strong>). Scopri di seguito cosa comporta il tuo difetto visivo e le soluzioni pi\u00f9 adatte alla sua risoluzione!<\/p>\n\n<\/div>\n<\/div>\n[\/vc_column_text][\/vc_column][\/vc_row][vc_row][vc_column][mk_padding_divider][\/vc_column][\/vc_row][vc_row][vc_column width=\"1\/2\"][vc_single_image image=\"190\" img_size=\"full\"][\/vc_column][vc_column width=\"1\/2\"][vc_column_text title=\"MIOPIA\"]\n<p class=\"bodytext\">\u00c8 la condizione in cui l\u2019individuo vede chiaramente ad una distanza utile per la lettura, ma non riesce a vedere lontano senza occhiali o lenti a contatto.<\/p>\n[\/vc_column_text][mk_button url=\"http:\/\/www.seri-lugano.ch\/miopia\/\" align=\"right\"]Continua[\/mk_button][\/vc_column][\/vc_row][vc_row][vc_column][mk_padding_divider][\/vc_column][\/vc_row][vc_row][vc_column width=\"1\/2\"][vc_single_image image=\"191\" img_size=\"full\"][\/vc_column][vc_column width=\"1\/2\"][vc_column_text title=\"ASTIGMATISMO\"]\n<p class=\"bodytext\">\u00c8 un difetto visivo dovuto alla curvatura asimmetrica della cornea. I raggi luminosi provenienti da un oggetto non sono rifratti sulla cornea allo stesso modo, ma la capacit\u00e0 di messa a fuoco varia nei diversi punti. Gli astigmatici hanno difficolt\u00e0 di messa a fuoco sia da lontano, sia da vicino.<\/p>\n[\/vc_column_text][mk_button url=\"http:\/\/www.seri-lugano.ch\/astigmatismo\/\" align=\"right\"]Continua[\/mk_button][\/vc_column][\/vc_row][vc_row][vc_column][mk_padding_divider][\/vc_column][\/vc_row][vc_row][vc_column width=\"1\/2\"][vc_single_image image=\"192\" img_size=\"full\"][\/vc_column][vc_column width=\"1\/2\"][vc_column_text title=\"IPERMETROPIA\"]\n<p class=\"bodytext\">\u00c8 il contrario della miopia: la curvatura della cornea \u00e8 troppo lieve e ci\u00f2 provoca la messa a fuoco delle immagini dietro la retina. Ne consegue che anche in giovane et\u00e0 la visione a distanza \u00e8 chiara, ma gli oggetti posti vicino all\u2019occhio risultano sfocati.<\/p>\n[\/vc_column_text][mk_button url=\"http:\/\/www.seri-lugano.ch\/ipermetropia\/\" align=\"right\"]Continua[\/mk_button][\/vc_column][\/vc_row][vc_row][vc_column][mk_padding_divider][\/vc_column][\/vc_row][vc_row][vc_column width=\"1\/2\"][vc_single_image image=\"193\" img_size=\"full\"][\/vc_column][vc_column width=\"1\/2\"][vc_column_text title=\"PRESBIOPIA\"]\n<p class=\"bodytext\">\u00c8 una condizione fisiologica che si verifica con il passare degli anni. Ci\u00f2 avviene quando il cristallino (la lente dell\u2019occhio che presiede alla messa a fuoco) si ispessisce e diventa gradualmente resistente al meccanismo di accomodazione.<\/p>\n[\/vc_column_text][mk_button url=\"http:\/\/www.seri-lugano.ch\/presbiopia\/\" align=\"right\"]Continua[\/mk_button][\/vc_column][\/vc_row][vc_row][vc_column][mk_padding_divider][\/vc_column][\/vc_row]\n\n[vc_row][vc_column width=\"1\/7\"][mk_button_gradient size=\"large\" grandient_color_from=\"#dd3333\" grandient_color_to=\"#dd3333\" grandient_color_fallback=\"#dd3333\" url=\"https:\/\/www.seri-lugano.ch\/fotobiomodulazione\/\" align=\"center\" fullwidth=\"true\"]Foto bio modulazione un futuro pi\u00f9 luminoso per la degenerazione maculare senile e le affezioni retiniche[\/mk_button_gradient][\/vc_column]\n\n[vc_column width=\"1\/7\"][mk_button_gradient size=\"large\" grandient_color_from=\"#dd3333\" grandient_color_to=\"#dd3333\" grandient_color_fallback=\"#dd3333\" url=\"http:\/\/www.seri-lugano.ch\/pinelli-presby-profile-2\/\" align=\"center\" fullwidth=\"true\"]Pinelli Presby Profile\u00ae:\nla soluzione per\nla presbiopia[\/mk_button_gradient][\/vc_column]\n\n[vc_column width=\"1\/7\"][mk_button_gradient size=\"large\" grandient_color_from=\"#dd3333\" grandient_color_to=\"#dd3333\" grandient_color_fallback=\"#dd3333\" url=\"http:\/\/www.seri-lugano.ch\/cross-linking\/\" align=\"center\" fullwidth=\"true\" margin_right=\"0\"]Crosslinking osmotico transepiteliale con Paracel\u00ae per il cheratocono[\/mk_button_gradient][\/vc_column]\n\n[vc_column width=\"1\/7\"][mk_button_gradient size=\"large\" grandient_color_from=\"#dd3333\" grandient_color_to=\"#dd3333\" grandient_color_fallback=\"#dd3333\" url=\"http:\/\/www.seri-lugano.ch\/asa-x-tra\/\" align=\"center\" fullwidth=\"true\"]ASA Lux\u00ae: ablazione superficiale e fotoni[\/mk_button_gradient][\/vc_column]\n\n[vc_column width=\"1\/7\"][mk_button_gradient size=\"large\" grandient_color_from=\"#dd3333\" grandient_color_to=\"#dd3333\" grandient_color_fallback=\"#dd3333\" url=\"http:\/\/www.seri-lugano.ch\/patologie-della-retina\/\" align=\"center\" fullwidth=\"true\"]La retina e le sue patologie: esperienza, innovazione e natura[\/mk_button_gradient][\/vc_column]\n\n[vc_column width=\"1\/7\"][mk_button_gradient size=\"large\" grandient_color_from=\"#dd3333\" grandient_color_to=\"#dd3333\" grandient_color_fallback=\"#dd3333\" url=\"http:\/\/www.seri-lugano.ch\/femtolasik-lux\/\" align=\"center\" fullwidth=\"true\"]Femtolasik Lux\u00ae: il trattamento non invasivo con la luce\n[\/mk_button_gradient][\/vc_column]\n\n[\/vc_row]","_et_gb_content_width":"","inline_featured_image":false,"footnotes":""},"class_list":["post-5789","page","type-page","status-publish","hentry"],"_links":{"self":[{"href":"https:\/\/seri-lugano.ch\/en\/wp-json\/wp\/v2\/pages\/5789","targetHints":{"allow":["GET"]}}],"collection":[{"href":"https:\/\/seri-lugano.ch\/en\/wp-json\/wp\/v2\/pages"}],"about":[{"href":"https:\/\/seri-lugano.ch\/en\/wp-json\/wp\/v2\/types\/page"}],"author":[{"embeddable":true,"href":"https:\/\/seri-lugano.ch\/en\/wp-json\/wp\/v2\/users\/3"}],"replies":[{"embeddable":true,"href":"https:\/\/seri-lugano.ch\/en\/wp-json\/wp\/v2\/comments?post=5789"}],"version-history":[{"count":2,"href":"https:\/\/seri-lugano.ch\/en\/wp-json\/wp\/v2\/pages\/5789\/revisions"}],"predecessor-version":[{"id":248340,"href":"https:\/\/seri-lugano.ch\/en\/wp-json\/wp\/v2\/pages\/5789\/revisions\/248340"}],"wp:attachment":[{"href":"https:\/\/seri-lugano.ch\/en\/wp-json\/wp\/v2\/media?parent=5789"}],"curies":[{"name":"wp","href":"https:\/\/api.w.org\/{rel}","templated":true}]}}