{"id":5822,"date":"2018-01-23T10:11:55","date_gmt":"2018-01-23T09:11:55","guid":{"rendered":"https:\/\/staging.seri-lugano.ch\/ipermetropia\/"},"modified":"2024-04-11T11:35:51","modified_gmt":"2024-04-11T09:35:51","slug":"hyperopia-laser-surgery","status":"publish","type":"page","link":"https:\/\/seri-lugano.ch\/en\/visual-defects-treatments\/hyperopia-laser-surgery\/","title":{"rendered":"Hyperopia"},"content":{"rendered":"\n[et_pb_section fb_built=&#8221;1&#8243; _builder_version=&#8221;4.17.6&#8243; _module_preset=&#8221;default&#8221; custom_padding=&#8221;0px||0px||true|false&#8221; locked=&#8221;off&#8221; global_colors_info=&#8221;{}&#8221;][et_pb_row _builder_version=&#8221;4.17.4&#8243; _module_preset=&#8221;default&#8221; global_colors_info=&#8221;{}&#8221;][et_pb_column type=&#8221;4_4&#8243; _builder_version=&#8221;4.17.4&#8243; _module_preset=&#8221;default&#8221; global_colors_info=&#8221;{}&#8221;][et_pb_text _builder_version=&#8221;4.18.0&#8243; _module_preset=&#8221;default&#8221; header_font=&#8221;|700|||||||&#8221; header_text_align=&#8221;center&#8221; header_text_color=&#8221;#2C4E63&#8243; custom_margin_phone=&#8221;|0%|0px|0%|false|true&#8221; header_font_size_phone=&#8221;45px&#8221; global_colors_info=&#8221;{}&#8221;]<h1>HYPEROPIA<\/h1>[\/et_pb_text][\/et_pb_column][\/et_pb_row][et_pb_row _builder_version=&#8221;4.17.4&#8243; _module_preset=&#8221;default&#8221; width_tablet=&#8221;&#8221; width_phone=&#8221;100%&#8221; width_last_edited=&#8221;on|phone&#8221; custom_padding=&#8221;0px||0px||true|false&#8221; global_colors_info=&#8221;{}&#8221; custom_margin__hover_enabled=&#8221;off|desktop&#8221;][et_pb_column type=&#8221;4_4&#8243; _builder_version=&#8221;4.17.4&#8243; _module_preset=&#8221;default&#8221; global_colors_info=&#8221;{}&#8221;][et_pb_text _builder_version=&#8221;4.17.6&#8243; _module_preset=&#8221;default&#8221; header_2_text_align=&#8221;left&#8221; custom_margin=&#8221;||0px||false|true&#8221; custom_padding=&#8221;0px||0px||true|false&#8221; locked=&#8221;off&#8221; global_colors_info=&#8221;{}&#8221;]<h2 bis_size=\"{&quot;x&quot;:11,&quot;y&quot;:16,&quot;w&quot;:576,&quot;h&quot;:24,&quot;abs_x&quot;:199,&quot;abs_y&quot;:392}\">What is hyperopia?<\/h2>[\/et_pb_text][et_pb_text _builder_version=&#8221;4.18.0&#8243; _module_preset=&#8221;default&#8221; text_text_color=&#8221;#000000&#8243; header_2_font=&#8221;|600|||||||&#8221; header_2_text_align=&#8221;left&#8221; header_4_font=&#8221;|600||on|||||&#8221; header_4_text_color=&#8221;#2C4E63&#8243; text_orientation=&#8221;justified&#8221; custom_margin=&#8221;|||||true&#8221; custom_margin_tablet=&#8221;|||||true&#8221; custom_margin_phone=&#8221;|5%||5%|false|true&#8221; global_colors_info=&#8221;{}&#8221;]<p>Hyperopia (also\u00a0hypermetropia, long-sightedness, farsightedness) can be considered the opposite of myopia. In hyperopia, insufficient corneal curvature causes images to focus behind the retina, even in young people. As a result, distant objects can be seen clearly, but close up they become blurred. In order to have clear vision, the point of focus has to be moved forward, and this is achieved by means of positive lenses that make the rays of light converge on the retina.<\/p>\n<p style=\"text-align: justify;\">[\/et_pb_text][et_pb_image src=&#8221;https:\/\/seri-lugano.ch\/wp-content\/uploads\/ipermetropia-scaled.jpg&#8221; title_text=&#8221;We&#8217;re laughing a new website&#8230;&#8221; _builder_version=&#8221;4.18.0&#8243; _module_preset=&#8221;default&#8221; max_width=&#8221;54%&#8221; max_width_tablet=&#8221;74%&#8221; max_width_phone=&#8221;100%&#8221; max_width_last_edited=&#8221;on|phone&#8221; module_alignment=&#8221;center&#8221; custom_margin=&#8221;||||false|false&#8221; custom_padding=&#8221;0px||32px||false|false&#8221; custom_padding_tablet=&#8221;0px||0px||true|false&#8221; custom_padding_phone=&#8221;0px|5%|0px|5%|true|true&#8221; custom_padding_last_edited=&#8221;on|phone&#8221; locked=&#8221;off&#8221; global_colors_info=&#8221;{}&#8221;][\/et_pb_image][et_pb_text _builder_version=&#8221;4.17.6&#8243; _module_preset=&#8221;default&#8221; header_2_text_align=&#8221;left&#8221; custom_margin=&#8221;||0px||false|true&#8221; custom_padding=&#8221;0px||0px||true|false&#8221; global_colors_info=&#8221;{}&#8221;]<h2>How can hyperopia be corrected ?<\/h2>\n<h2 style=\"text-align: justify;\"><\/h2>[\/et_pb_text][et_pb_text _builder_version=&#8221;4.18.0&#8243; _module_preset=&#8221;default&#8221; text_text_color=&#8221;#000000&#8243; header_2_font=&#8221;|600|||||||&#8221; header_2_text_align=&#8221;left&#8221; header_4_font=&#8221;|600||on|||||&#8221; header_4_text_color=&#8221;#2C4E63&#8243; text_orientation=&#8221;justified&#8221; custom_margin=&#8221;|||||true&#8221; custom_margin_tablet=&#8221;|||||true&#8221; custom_margin_phone=&#8221;|5%||5%|false|true&#8221; global_colors_info=&#8221;{}&#8221;]<p>SERI Switzerland Eye Research Institute offers a range of solutions to resolve this eye problem, among which specific laser eye surgery for the correction of hyperopia.<\/p>\n<p>In most cases the treatment recommended here will be the amazing Lasik Lux\u00ae technique developed by Dr Roberto Pinelli. After using the excimer laserto reshape the curve of the cornea, the synergistic combination of riboflavin and exposure to UV-A rays is used to strengthen the corneal tissue.<\/p>\n<p>However, patients have different corneal shapes. The pre-op examinations carried out by the Institute\u2019s highly qualified specialists will help you understand which treatment option is the best for you. Patients with a very thin corneal surface are most often offered the ASA X-tra (Advanced Surface Ablation) technique, which uses excimer laser to correct the condition and has the additional advantage of the riboflavin and UV-A rays reinforcing effect.<\/p>\n<p>As with many procedures offered at SERI, the solutions for hyperopia are designed to be fast, painless and bilateral, which means that the defect is corrected in both eyes during the same operation.<\/p>\n<p style=\"text-align: justify;\">[\/et_pb_text][\/et_pb_column][\/et_pb_row][et_pb_row _builder_version=&#8221;4.24.3&#8243; _module_preset=&#8221;default&#8221; locked=&#8221;off&#8221;][et_pb_column _builder_version=&#8221;4.24.3&#8243; _module_preset=&#8221;default&#8221; type=&#8221;4_4&#8243;][et_pb_contact_form use_spam_service=&#8221;on&#8221; recaptcha_list=&#8221;Default|Default-0&#8243; recaptcha_min_score=&#8221;0.6&#8243; title=&#8221;Contact us if you&#8217;re interested in our treatments.&#8221; success_message=&#8221;Thanks for filling out the contact form! We&#8217;ll be in touch shortly!&#8221; module_id=&#8221;et_pb_contact_form_0&#8243; _builder_version=&#8221;4.24.3&#8243; _module_preset=&#8221;default&#8221; _unique_id=&#8221;5ac3d8f5-9e85-46da-8ae1-594c722ccd3f&#8221; title_font=&#8221;|||on|||||&#8221; title_text_align=&#8221;center&#8221; title_text_color=&#8221;#DD2E2E&#8221; title_letter_spacing=&#8221;7px&#8221; saved_tabs=&#8221;all&#8221; global_colors_info=&#8221;{}&#8221; global_module=&#8221;248294&#8243; theme_builder_area=&#8221;post_content&#8221;][et_pb_contact_field field_id=&#8221;Name&#8221; field_title=&#8221;Name&#8221; _builder_version=&#8221;4.24.3&#8243; global_colors_info=&#8221;{}&#8221; button_text_size__hover_enabled=&#8221;off&#8221; button_one_text_size__hover_enabled=&#8221;off&#8221; button_two_text_size__hover_enabled=&#8221;off&#8221; button_text_color__hover_enabled=&#8221;off&#8221; button_one_text_color__hover_enabled=&#8221;off&#8221; button_two_text_color__hover_enabled=&#8221;off&#8221; button_border_width__hover_enabled=&#8221;off&#8221; button_one_border_width__hover_enabled=&#8221;off&#8221; button_two_border_width__hover_enabled=&#8221;off&#8221; button_border_color__hover_enabled=&#8221;off&#8221; button_one_border_color__hover_enabled=&#8221;off&#8221; button_two_border_color__hover_enabled=&#8221;off&#8221; button_border_radius__hover_enabled=&#8221;off&#8221; button_one_border_radius__hover_enabled=&#8221;off&#8221; button_two_border_radius__hover_enabled=&#8221;off&#8221; button_letter_spacing__hover_enabled=&#8221;off&#8221; button_one_letter_spacing__hover_enabled=&#8221;off&#8221; button_two_letter_spacing__hover_enabled=&#8221;off&#8221; button_bg_color__hover_enabled=&#8221;off&#8221; button_one_bg_color__hover_enabled=&#8221;off&#8221; button_two_bg_color__hover_enabled=&#8221;off&#8221; theme_builder_area=&#8221;post_content&#8221;][\/et_pb_contact_field][et_pb_contact_field field_id=&#8221;Email&#8221; field_title=&#8221;Email&#8221; field_type=&#8221;email&#8221; _builder_version=&#8221;4.24.3&#8243; global_colors_info=&#8221;{}&#8221; button_text_size__hover_enabled=&#8221;off&#8221; button_one_text_size__hover_enabled=&#8221;off&#8221; button_two_text_size__hover_enabled=&#8221;off&#8221; button_text_color__hover_enabled=&#8221;off&#8221; button_one_text_color__hover_enabled=&#8221;off&#8221; button_two_text_color__hover_enabled=&#8221;off&#8221; button_border_width__hover_enabled=&#8221;off&#8221; button_one_border_width__hover_enabled=&#8221;off&#8221; button_two_border_width__hover_enabled=&#8221;off&#8221; button_border_color__hover_enabled=&#8221;off&#8221; button_one_border_color__hover_enabled=&#8221;off&#8221; button_two_border_color__hover_enabled=&#8221;off&#8221; button_border_radius__hover_enabled=&#8221;off&#8221; button_one_border_radius__hover_enabled=&#8221;off&#8221; button_two_border_radius__hover_enabled=&#8221;off&#8221; button_letter_spacing__hover_enabled=&#8221;off&#8221; button_one_letter_spacing__hover_enabled=&#8221;off&#8221; button_two_letter_spacing__hover_enabled=&#8221;off&#8221; button_bg_color__hover_enabled=&#8221;off&#8221; button_one_bg_color__hover_enabled=&#8221;off&#8221; button_two_bg_color__hover_enabled=&#8221;off&#8221; theme_builder_area=&#8221;post_content&#8221;][\/et_pb_contact_field][et_pb_contact_field field_id=&#8221;Message&#8221; field_title=&#8221;Message&#8221; field_type=&#8221;text&#8221; fullwidth_field=&#8221;on&#8221; _builder_version=&#8221;4.24.3&#8243; global_colors_info=&#8221;{}&#8221; button_text_size__hover_enabled=&#8221;off&#8221; button_one_text_size__hover_enabled=&#8221;off&#8221; button_two_text_size__hover_enabled=&#8221;off&#8221; button_text_color__hover_enabled=&#8221;off&#8221; button_one_text_color__hover_enabled=&#8221;off&#8221; button_two_text_color__hover_enabled=&#8221;off&#8221; button_border_width__hover_enabled=&#8221;off&#8221; button_one_border_width__hover_enabled=&#8221;off&#8221; button_two_border_width__hover_enabled=&#8221;off&#8221; button_border_color__hover_enabled=&#8221;off&#8221; button_one_border_color__hover_enabled=&#8221;off&#8221; button_two_border_color__hover_enabled=&#8221;off&#8221; button_border_radius__hover_enabled=&#8221;off&#8221; button_one_border_radius__hover_enabled=&#8221;off&#8221; button_two_border_radius__hover_enabled=&#8221;off&#8221; button_letter_spacing__hover_enabled=&#8221;off&#8221; button_one_letter_spacing__hover_enabled=&#8221;off&#8221; button_two_letter_spacing__hover_enabled=&#8221;off&#8221; button_bg_color__hover_enabled=&#8221;off&#8221; button_one_bg_color__hover_enabled=&#8221;off&#8221; button_two_bg_color__hover_enabled=&#8221;off&#8221; field_title__hover_enabled=&#8221;off|desktop&#8221; theme_builder_area=&#8221;post_content&#8221;][\/et_pb_contact_field][\/et_pb_contact_form][\/et_pb_column][\/et_pb_row][\/et_pb_section]\n","protected":false},"excerpt":{"rendered":"<p>HYPEROPIAWhat is hyperopia?Hyperopia (also\u00a0hypermetropia, long-sightedness, farsightedness) can be considered the opposite of myopia. In hyperopia, insufficient corneal curvature causes images to focus behind the retina, even in young people. As a result, distant objects can be seen clearly, but close up they become blurred. In order to have clear vision, the point of focus has [&hellip;]<\/p>\n","protected":false},"author":3,"featured_media":0,"parent":5789,"menu_order":0,"comment_status":"closed","ping_status":"closed","template":"","meta":{"_et_pb_use_builder":"on","_et_pb_old_content":"[mk_page_section bg_image=\"http:\/\/www.seri-lugano.ch\/wp-content\/uploads\/2018\/01\/ipermetropia.jpg\" bg_position=\"center top\" bg_stretch=\"true\" sidebar=\"sidebar-1\"][vc_column][mk_padding_divider size=\"240\"][\/vc_column][\/mk_page_section][mk_page_section bg_color=\"#dd3333\" video_loop=\"false\" min_height=\"57\" full_width=\"true\" sidebar=\"sidebar-1\"][vc_column][vc_column_text]\n<h2 style=\"text-align: center;\"><span style=\"color: #ffffff;\">IPERMETROPIA<\/span><\/h2>\n[\/vc_column_text][\/vc_column][\/mk_page_section][vc_row][vc_column][mk_padding_divider][\/vc_column][\/vc_row][vc_row][vc_column width=\"2\/3\"][vc_column_text]\n<p class=\"bodytext\">\u00c8 il contrario della miopia: la curvatura della cornea \u00e8 troppo lieve e ci\u00f2 provoca la messa a fuoco delle immagini dietro la retina. Ne consegue che anche in giovane et\u00e0 la visione a distanza \u00e8 chiara, ma gli oggetti posti vicino all\u2019occhio risultano sfocati. Per vedere in modo nitido \u00e8 necessario spostare pi\u00f9 avanti il fuoco delle immagini, grazie all\u2019azione di lenti positive che fanno convergere i raggi luminosi sulla retina.<\/p>\n<b>In che modo posso correggere l\u2019Ipermetropia?<\/b>\n\n<strong>Switzerland Eye Research Institute\u00a0<\/strong>propone due procedure che interessano la superficie corneale e sfruttano il potere della luce. La <strong>Femtolasik Lux\u00ae\u00a0<\/strong>che utilizza tre distinte emissioni di fotoni: i femtosecondi, gli ecciplessi e i raggi UV-A; la <strong>Asa Lux\u00ae, <\/strong>il cui impiego viene proposto in alcune specifiche condizioni fisiologiche legate alle caratteristiche specifiche del paziente.\n\nNella maggior parte dei casi, il trattamento consigliato \u00e8 l\u2019incredibile\u00a0tecnica<span class=\"apple-converted-space\">\u00a0<\/span><a title=\"Opens internal link in current window\" href=\"http:\/\/www.seri-lugano.ch\/femtolasik-lux\/\">Femtolasik Lux\u00ae<\/a>, studiata dal\u00a0<b>Dr. Roberto Pinelli<\/b>, che utilizza solo fonti distinte di <b>energia luminosa\u00a0<\/b>per modificare la curvatura della cornea con i <b>fotoni <\/b>senza l'impiego di ferri taglienti e strumenti chirurgici e la rinforza con un trattamento che utilizza <b>ParaCel\u00ae, <\/b>collirio brevettato dal\u00a0<b>Dr. PInelli <\/b>a base di\u00a0<b><\/b><b>riboflavina (vitamina B2)\u00a0<\/b>che agisce in sinergia con i \u00a0<b>raggi UV-A (luce ultravioletta).<\/b><b>\n<\/b>\nNon tutte le cornee sono uguali, come unici sono gli individui che si sottopongono alla <b>consulenza\u00a0pre-operatoria di idoneit\u00e0<\/b>\u00a0condotte da specialisti selezionati all\u2019interno della nostra struttura che, insieme al Dr. PInelli, vi aiuteranno a comprendere quale soluzione fa per voi. Qualora si rilevasse uno spessore corneale troppo sottile <b>SERI Lugano\u00a0<\/b>propone\u00a0la\u00a0<b>tecnica ASA Lux&#x2122;<\/b>, un trattamento che utilizza i fotoni erogati da un laser ad eccimeri per modificare la curvatura della cornea e aggiunge un trattamento che ne consolida la struttura a base di un collirio brevettato dal Dr. Pinelli, <b>ParaCel\u00ae, <\/b>a base di riboflavina che viene dinamizzata da fotoni erogati da una fonte di r<b>aggi UV-A<\/b>, l<b>uce<\/b><b>ultravioletta\u00a0<\/b>che rinforza il <b>collagene corneale<\/b>.\n\nLe soluzioni per la correzione dell\u2019ipermetropia, come numerosi altri interventi proposti da\u00a0<b>SERI Lugano,\u00a0<\/b>sono pensate per essere eseguite in modo bilaterale e quindi su entrambi gli occhi, nella medesima seduta, in modo rapido e indolore.[\/vc_column_text][mk_button size=\"medium\" url=\"http:\/\/www.seri-lugano.ch\/contatti\/\"]Richiedi + Info[\/mk_button][\/vc_column][vc_column width=\"1\/3\"][vc_column_text]<strong><span style=\"color: #ff0000;\">Difetti visivi<\/span><\/strong>[\/vc_column_text][vc_wp_custommenu nav_menu=\"9\"][\/vc_column][\/vc_row][vc_row][vc_column][mk_padding_divider][\/vc_column][\/vc_row]\n\n[vc_row][vc_column width=\"1\/7\"][mk_button_gradient size=\"large\" grandient_color_from=\"#dd3333\" grandient_color_to=\"#dd3333\" grandient_color_fallback=\"#dd3333\" url=\"https:\/\/www.seri-lugano.ch\/fotobiomodulazione\/\" align=\"center\" fullwidth=\"true\"]Foto bio modulazione un futuro pi\u00f9 luminoso per la degenerazione maculare senile e le affezioni retiniche[\/mk_button_gradient][\/vc_column]\n\n[vc_column width=\"1\/7\"][mk_button_gradient size=\"large\" grandient_color_from=\"#dd3333\" grandient_color_to=\"#dd3333\" grandient_color_fallback=\"#dd3333\" url=\"http:\/\/www.seri-lugano.ch\/pinelli-presby-profile-2\/\" align=\"center\" fullwidth=\"true\"]Pinelli Presby Profile\u00ae:\nla soluzione per\nla presbiopia[\/mk_button_gradient][\/vc_column]\n\n[vc_column width=\"1\/7\"][mk_button_gradient size=\"large\" grandient_color_from=\"#dd3333\" grandient_color_to=\"#dd3333\" grandient_color_fallback=\"#dd3333\" url=\"http:\/\/www.seri-lugano.ch\/cross-linking\/\" align=\"center\" fullwidth=\"true\" margin_right=\"0\"]Crosslinking osmotico transepiteliale con Paracel\u00ae per il cheratocono[\/mk_button_gradient][\/vc_column]\n\n[vc_column width=\"1\/7\"][mk_button_gradient size=\"large\" grandient_color_from=\"#dd3333\" grandient_color_to=\"#dd3333\" grandient_color_fallback=\"#dd3333\" url=\"http:\/\/www.seri-lugano.ch\/asa-x-tra\/\" align=\"center\" fullwidth=\"true\"]ASA Lux\u00ae: ablazione superficiale e fotoni[\/mk_button_gradient][\/vc_column]\n\n[vc_column width=\"1\/7\"][mk_button_gradient size=\"large\" grandient_color_from=\"#dd3333\" grandient_color_to=\"#dd3333\" grandient_color_fallback=\"#dd3333\" url=\"http:\/\/www.seri-lugano.ch\/patologie-della-retina\/\" align=\"center\" fullwidth=\"true\"]La retina e le sue patologie: esperienza, innovazione e natura[\/mk_button_gradient][\/vc_column]\n\n[vc_column width=\"1\/7\"][mk_button_gradient size=\"large\" grandient_color_from=\"#dd3333\" grandient_color_to=\"#dd3333\" grandient_color_fallback=\"#dd3333\" url=\"http:\/\/www.seri-lugano.ch\/femtolasik-lux\/\" align=\"center\" fullwidth=\"true\"]Femtolasik Lux\u00ae: il trattamento non invasivo con la luce\n[\/mk_button_gradient][\/vc_column]\n\n[\/vc_row]","_et_gb_content_width":"","inline_featured_image":false,"footnotes":""},"class_list":["post-5822","page","type-page","status-publish","hentry"],"_links":{"self":[{"href":"https:\/\/seri-lugano.ch\/en\/wp-json\/wp\/v2\/pages\/5822","targetHints":{"allow":["GET"]}}],"collection":[{"href":"https:\/\/seri-lugano.ch\/en\/wp-json\/wp\/v2\/pages"}],"about":[{"href":"https:\/\/seri-lugano.ch\/en\/wp-json\/wp\/v2\/types\/page"}],"author":[{"embeddable":true,"href":"https:\/\/seri-lugano.ch\/en\/wp-json\/wp\/v2\/users\/3"}],"replies":[{"embeddable":true,"href":"https:\/\/seri-lugano.ch\/en\/wp-json\/wp\/v2\/comments?post=5822"}],"version-history":[{"count":2,"href":"https:\/\/seri-lugano.ch\/en\/wp-json\/wp\/v2\/pages\/5822\/revisions"}],"predecessor-version":[{"id":248344,"href":"https:\/\/seri-lugano.ch\/en\/wp-json\/wp\/v2\/pages\/5822\/revisions\/248344"}],"up":[{"embeddable":true,"href":"https:\/\/seri-lugano.ch\/en\/wp-json\/wp\/v2\/pages\/5789"}],"wp:attachment":[{"href":"https:\/\/seri-lugano.ch\/en\/wp-json\/wp\/v2\/media?parent=5822"}],"curies":[{"name":"wp","href":"https:\/\/api.w.org\/{rel}","templated":true}]}}