{"id":5837,"date":"2018-01-23T10:17:14","date_gmt":"2018-01-23T09:17:14","guid":{"rendered":"https:\/\/staging.seri-lugano.ch\/presbiopia\/"},"modified":"2024-04-11T11:39:16","modified_gmt":"2024-04-11T09:39:16","slug":"presbyopia-correction","status":"publish","type":"page","link":"https:\/\/seri-lugano.ch\/en\/visual-defects-treatments\/presbyopia-correction\/","title":{"rendered":"Presbyopia"},"content":{"rendered":"\n[et_pb_section fb_built=&#8221;1&#8243; _builder_version=&#8221;4.17.6&#8243; _module_preset=&#8221;default&#8221; custom_padding=&#8221;0px||0px||true|false&#8221; locked=&#8221;off&#8221; global_colors_info=&#8221;{}&#8221;][et_pb_row _builder_version=&#8221;4.17.4&#8243; _module_preset=&#8221;default&#8221; global_colors_info=&#8221;{}&#8221;][et_pb_column type=&#8221;4_4&#8243; _builder_version=&#8221;4.17.4&#8243; _module_preset=&#8221;default&#8221; global_colors_info=&#8221;{}&#8221;][et_pb_text _builder_version=&#8221;4.18.0&#8243; _module_preset=&#8221;default&#8221; header_font=&#8221;|700|||||||&#8221; header_text_align=&#8221;center&#8221; header_text_color=&#8221;#2C4E63&#8243; custom_margin_phone=&#8221;|0%|0px|0%|false|true&#8221; header_font_size_phone=&#8221;45px&#8221; global_colors_info=&#8221;{}&#8221;]<h1>PRESBYOPIA<\/h1>[\/et_pb_text][\/et_pb_column][\/et_pb_row][et_pb_row _builder_version=&#8221;4.17.6&#8243; _module_preset=&#8221;default&#8221; width_tablet=&#8221;&#8221; width_phone=&#8221;100%&#8221; width_last_edited=&#8221;on|phone&#8221; custom_padding=&#8221;0px||36px||false|false&#8221; global_colors_info=&#8221;{}&#8221; custom_margin__hover_enabled=&#8221;off|desktop&#8221;][et_pb_column type=&#8221;4_4&#8243; _builder_version=&#8221;4.17.4&#8243; _module_preset=&#8221;default&#8221; global_colors_info=&#8221;{}&#8221;][et_pb_text _builder_version=&#8221;4.17.6&#8243; _module_preset=&#8221;default&#8221; header_2_text_align=&#8221;left&#8221; custom_margin=&#8221;||0px||false|true&#8221; custom_padding=&#8221;0px||0px||true|false&#8221; global_colors_info=&#8221;{}&#8221;]<h2 class=\"bodytext\">What presbyopia is?<br \/><strong><\/strong><\/h2>[\/et_pb_text][et_pb_text _builder_version=&#8221;4.18.0&#8243; _module_preset=&#8221;default&#8221; text_text_color=&#8221;#000000&#8243; header_2_font=&#8221;|600|||||||&#8221; header_2_text_align=&#8221;left&#8221; header_4_font=&#8221;|600||on|||||&#8221; header_4_text_color=&#8221;#2C4E63&#8243; text_orientation=&#8221;justified&#8221; custom_margin=&#8221;|||||true&#8221; custom_margin_tablet=&#8221;|||||true&#8221; custom_margin_phone=&#8221;|5%||5%|false|true&#8221; global_colors_info=&#8221;{}&#8221;]<p>A physiological condition that develops with age, presbyopia occurs when the crystalline lens, which allows the eye to focus, thickens and becomes increasingly resistant to the process of accommodation. A dwindling capacity to focus is an absolutely natural aspect of the ageing process.<\/p>[\/et_pb_text][et_pb_image src=&#8221;https:\/\/seri-lugano.ch\/wp-content\/uploads\/presbiopia-scaled.jpg&#8221; title_text=&#8221;businessman take off glasses and text on phone&#8221; _builder_version=&#8221;4.18.0&#8243; _module_preset=&#8221;default&#8221; max_width=&#8221;54%&#8221; max_width_tablet=&#8221;74%&#8221; max_width_phone=&#8221;100%&#8221; max_width_last_edited=&#8221;on|phone&#8221; module_alignment=&#8221;center&#8221; custom_margin=&#8221;||||false|false&#8221; custom_padding=&#8221;0px||0px||true|false&#8221; custom_padding_tablet=&#8221;0px||0px||true|false&#8221; custom_padding_phone=&#8221;0px|5%|0px|5%|true|true&#8221; custom_padding_last_edited=&#8221;on|phone&#8221; locked=&#8221;off&#8221; global_colors_info=&#8221;{}&#8221;][\/et_pb_image][et_pb_text _builder_version=&#8221;4.17.6&#8243; _module_preset=&#8221;default&#8221; header_2_text_align=&#8221;left&#8221; custom_margin=&#8221;||0px||false|true&#8221; custom_padding=&#8221;0px||0px||true|false&#8221; global_colors_info=&#8221;{}&#8221;]<h2 class=\"bodytext\">How can presbyopia be corrected?<br \/><strong><\/strong><\/h2>[\/et_pb_text][et_pb_text _builder_version=&#8221;4.18.0&#8243; _module_preset=&#8221;default&#8221; text_text_color=&#8221;#000000&#8243; header_2_font=&#8221;|600|||||||&#8221; header_2_text_align=&#8221;left&#8221; header_4_font=&#8221;|600||on|||||&#8221; header_4_text_color=&#8221;#2C4E63&#8243; text_orientation=&#8221;justified&#8221; custom_margin=&#8221;|||||true&#8221; custom_margin_tablet=&#8221;|||||true&#8221; custom_margin_phone=&#8221;|5%||5%|false|true&#8221; global_colors_info=&#8221;{}&#8221;]<p>Contrary to previous belief, it is now possible to correct the effects of age-related farsightedness surgically, using refractive, corneal or intraocular surgery.<\/p>\n<p>Presbyopia is a gradual, irreversible process which cannot be completely stopped, although there are individual differences and certain substances can influence its progression.<\/p>\n<p>At SERI Lugano\u00a0we devote special attention to the study of surgical options for presbyopia.<\/p>\n<p>Dr Roberto Pinelli\u00a0and his team have developed an innovative surgical technique, called\u00a0Pinelli Presby Profile\u00ae, which is protected by an international patent. The Pinelli Presby Profile\u00ae is a variation and refinement on the well-know LASIK technique, the surgical corrective procedure that has been successfully used for over 20 years, and also a further evolution of Dr Pinelli\u2019s own P-Curve procedure.<\/p>\n<p>The goal of the Pinelli Presby Profile\u00ae is to modify the corneal surface so as to offer presbyopic patients good near and distance vision at the same time. It corrects presbyopia using\u00a0excimer laser\u00a0or\u00a0femtosecond laser.<\/p>\n<p>The photon-based treatment consists of three distinct phases, each of which uses a distinctive light output.\u00a0 It harnesses the synergy between riboflavin ParaCel and UV-A light, which strengthen the corneal tissue after the use of the femtosecond excimer laser. It is always proposed as a bilateral procedure, i.e. it provides for the correction of the defect in both eyes during the very same treatment session.<\/p>[\/et_pb_text][\/et_pb_column][\/et_pb_row][et_pb_row _builder_version=&#8221;4.24.3&#8243; _module_preset=&#8221;default&#8221; locked=&#8221;off&#8221; global_colors_info=&#8221;{}&#8221;][et_pb_column type=&#8221;4_4&#8243; _builder_version=&#8221;4.24.3&#8243; _module_preset=&#8221;default&#8221; global_colors_info=&#8221;{}&#8221;][et_pb_contact_form use_spam_service=&#8221;on&#8221; recaptcha_list=&#8221;Default|Default-0&#8243; recaptcha_min_score=&#8221;0.6&#8243; title=&#8221;Contact us if you&#8217;re interested in our treatments.&#8221; success_message=&#8221;Thanks for filling out the contact form! We&#8217;ll be in touch shortly!&#8221; module_id=&#8221;et_pb_contact_form_0&#8243; _builder_version=&#8221;4.24.3&#8243; _module_preset=&#8221;default&#8221; _unique_id=&#8221;5ac3d8f5-9e85-46da-8ae1-594c722ccd3f&#8221; title_font=&#8221;|||on|||||&#8221; title_text_align=&#8221;center&#8221; title_text_color=&#8221;#DD2E2E&#8221; title_letter_spacing=&#8221;7px&#8221; global_module=&#8221;248294&#8243; saved_tabs=&#8221;all&#8221; global_colors_info=&#8221;{}&#8221;][et_pb_contact_field field_id=&#8221;Name&#8221; field_title=&#8221;Name&#8221; _builder_version=&#8221;4.24.3&#8243; global_colors_info=&#8221;{}&#8221; button_text_size__hover_enabled=&#8221;off&#8221; button_one_text_size__hover_enabled=&#8221;off&#8221; button_two_text_size__hover_enabled=&#8221;off&#8221; button_text_color__hover_enabled=&#8221;off&#8221; button_one_text_color__hover_enabled=&#8221;off&#8221; button_two_text_color__hover_enabled=&#8221;off&#8221; button_border_width__hover_enabled=&#8221;off&#8221; button_one_border_width__hover_enabled=&#8221;off&#8221; button_two_border_width__hover_enabled=&#8221;off&#8221; button_border_color__hover_enabled=&#8221;off&#8221; button_one_border_color__hover_enabled=&#8221;off&#8221; button_two_border_color__hover_enabled=&#8221;off&#8221; button_border_radius__hover_enabled=&#8221;off&#8221; button_one_border_radius__hover_enabled=&#8221;off&#8221; button_two_border_radius__hover_enabled=&#8221;off&#8221; button_letter_spacing__hover_enabled=&#8221;off&#8221; button_one_letter_spacing__hover_enabled=&#8221;off&#8221; button_two_letter_spacing__hover_enabled=&#8221;off&#8221; button_bg_color__hover_enabled=&#8221;off&#8221; button_one_bg_color__hover_enabled=&#8221;off&#8221; button_two_bg_color__hover_enabled=&#8221;off&#8221;][\/et_pb_contact_field][et_pb_contact_field field_id=&#8221;Email&#8221; field_title=&#8221;Email&#8221; field_type=&#8221;email&#8221; _builder_version=&#8221;4.24.3&#8243; global_colors_info=&#8221;{}&#8221; button_text_size__hover_enabled=&#8221;off&#8221; button_one_text_size__hover_enabled=&#8221;off&#8221; button_two_text_size__hover_enabled=&#8221;off&#8221; button_text_color__hover_enabled=&#8221;off&#8221; button_one_text_color__hover_enabled=&#8221;off&#8221; button_two_text_color__hover_enabled=&#8221;off&#8221; button_border_width__hover_enabled=&#8221;off&#8221; button_one_border_width__hover_enabled=&#8221;off&#8221; button_two_border_width__hover_enabled=&#8221;off&#8221; button_border_color__hover_enabled=&#8221;off&#8221; button_one_border_color__hover_enabled=&#8221;off&#8221; button_two_border_color__hover_enabled=&#8221;off&#8221; button_border_radius__hover_enabled=&#8221;off&#8221; button_one_border_radius__hover_enabled=&#8221;off&#8221; button_two_border_radius__hover_enabled=&#8221;off&#8221; button_letter_spacing__hover_enabled=&#8221;off&#8221; button_one_letter_spacing__hover_enabled=&#8221;off&#8221; button_two_letter_spacing__hover_enabled=&#8221;off&#8221; button_bg_color__hover_enabled=&#8221;off&#8221; button_one_bg_color__hover_enabled=&#8221;off&#8221; button_two_bg_color__hover_enabled=&#8221;off&#8221;][\/et_pb_contact_field][et_pb_contact_field field_id=&#8221;Message&#8221; field_title=&#8221;Message&#8221; field_type=&#8221;text&#8221; fullwidth_field=&#8221;on&#8221; _builder_version=&#8221;4.24.3&#8243; global_colors_info=&#8221;{}&#8221; button_text_size__hover_enabled=&#8221;off&#8221; button_one_text_size__hover_enabled=&#8221;off&#8221; button_two_text_size__hover_enabled=&#8221;off&#8221; button_text_color__hover_enabled=&#8221;off&#8221; button_one_text_color__hover_enabled=&#8221;off&#8221; button_two_text_color__hover_enabled=&#8221;off&#8221; button_border_width__hover_enabled=&#8221;off&#8221; button_one_border_width__hover_enabled=&#8221;off&#8221; button_two_border_width__hover_enabled=&#8221;off&#8221; button_border_color__hover_enabled=&#8221;off&#8221; button_one_border_color__hover_enabled=&#8221;off&#8221; button_two_border_color__hover_enabled=&#8221;off&#8221; button_border_radius__hover_enabled=&#8221;off&#8221; button_one_border_radius__hover_enabled=&#8221;off&#8221; button_two_border_radius__hover_enabled=&#8221;off&#8221; button_letter_spacing__hover_enabled=&#8221;off&#8221; button_one_letter_spacing__hover_enabled=&#8221;off&#8221; button_two_letter_spacing__hover_enabled=&#8221;off&#8221; button_bg_color__hover_enabled=&#8221;off&#8221; button_one_bg_color__hover_enabled=&#8221;off&#8221; button_two_bg_color__hover_enabled=&#8221;off&#8221; field_title__hover_enabled=&#8221;off|desktop&#8221;][\/et_pb_contact_field][\/et_pb_contact_form][\/et_pb_column][\/et_pb_row][\/et_pb_section]\n","protected":false},"excerpt":{"rendered":"<p>PRESBYOPIAWhat presbyopia is?A physiological condition that develops with age, presbyopia occurs when the crystalline lens, which allows the eye to focus, thickens and becomes increasingly resistant to the process of accommodation. A dwindling capacity to focus is an absolutely natural aspect of the ageing process.How can presbyopia be corrected?Contrary to previous belief, it is now [&hellip;]<\/p>\n","protected":false},"author":3,"featured_media":0,"parent":5789,"menu_order":0,"comment_status":"closed","ping_status":"closed","template":"","meta":{"_et_pb_use_builder":"on","_et_pb_old_content":"[mk_page_section bg_image=\"http:\/\/www.seri-lugano.ch\/wp-content\/uploads\/2018\/01\/presbiopia.jpg\" bg_position=\"center top\" bg_stretch=\"true\" sidebar=\"sidebar-1\"][vc_column][mk_padding_divider size=\"240\"][\/vc_column][\/mk_page_section][mk_page_section bg_color=\"#dd3333\" video_loop=\"false\" min_height=\"57\" full_width=\"true\" sidebar=\"sidebar-1\"][vc_column][vc_column_text]\n<h2 style=\"text-align: center;\"><span style=\"color: #ffffff;\">PRESBIOPIA<\/span><\/h2>\n[\/vc_column_text][\/vc_column][\/mk_page_section][vc_row][vc_column][mk_padding_divider][\/vc_column][\/vc_row][vc_row][vc_column width=\"2\/3\"][vc_column_text]\n<p class=\"bodytext\">\u00c8 una condizione fisiologica che si verifica con il passare degli anni. Ci\u00f2 avviene quando il <b>cristallino\u00a0<\/b>(la lente dell\u2019occhio che presiede alla messa a fuoco) si ispessisce e diventa gradualmente resistente al <b>meccanismo di accomodazione<\/b>. Il progressivo affievolirsi della capacit\u00e0 di <b>messa a fuoco\u00a0<\/b>\u00e8 un fenomeno assolutamente naturale, dovuto all'irrigidimento delle strutture oculari.<\/p>\n<b>In che modo posso correggere la presbiopia?\n<\/b>Contrariamente a quanto si riteneva fino a poco tempo fa, oggi \u00e8 possibile intervenire con tecniche sulla superficie corneale o con lenti intraoculari\u00a0per eliminare gli effetti della presbiopia.\n<p class=\"bodytext\">La <b>presbiopia\u00a0<\/b>\u00e8 un fenomeno progressivo, non \u00e8 reversibile in maniera spontanea ma si pu\u00f2 ovviare ai suoi effetti scegliendo la procedura che migliore per ogni singola situazione visiva.<\/p>\n<p class=\"bodytext\"><b>SERI Lugano\u00a0<\/b>dedica particolare attenzione allo studio della risoluzione chirurgica della presbiopia, da sempre considerato uno dei temi di studio che hanno reso il Dr. Pinelli conosciuto a livello internazionale.<\/p>\nIl\u00a0<b>Dr. Roberto Pinelli\u00a0<\/b>e la sua \u00e9quipe hanno messo a punto un\u2019innovativa <b>tecnica \"non- chirurgica\"<\/b>, chiamata\u00a0<b>Pinelli Presby Profile\u00ae<\/b>, oggetto di brevetto internazionale. La tecnica Pinelli Presby Profile\u00ae consiste in una modificazione personalizzata ed evoluta della gi\u00e0 conosciuta tecnica laser LASIK ma prescinde da ferri, taglienti, incisioni e strumenti chirurgici e impiegando i fotoni, particelle infinitesimali di luce per svolgere tre distinte fasi previste dalla procedura. In questo modo assolutamente non invasivo e totalmente sicuro il Dr. Pinelli rimodella la superficie corneale per consentire al paziente presbite di vedere bene da vicino e contemporaneamente da lontano.\n\nLa <b>Pinelli Presby Profile\u00ae\u00a0<\/b>corregge la presbiopia tramite luce erogata da femtosecondi, eccimeri e UV-A e costituisce una incredibile evoluzione della famosa LASIK, la tecnica di chirurgia refrattiva corneale utilizzata da oltre 20 anni con grande successo per la risoluzione dei difetti visivi.\n\nIl trattamento a base di fotoni si compone di tre fasi distinte ognuna delle quali impiega una particolare emissione luminosa.\u00a0 Si avvantaggia della sinergia tra riboflavina ParaCel\u00e2\u00a0 e luce UV-A, che fortificano il tessuto corneale dopo l\u2019utilizzo di femtosecondi ed eccimeri ed \u00e8 come sempre proposta quale procedura bilaterale, ovvero che prevede la correzione del difetto su entrambi gli occhi nel corso della medesima seduta di trattamento<strong>.<\/strong>\n\n[\/vc_column_text][mk_button size=\"medium\" url=\"http:\/\/www.seri-lugano.ch\/contatti\/\"]Richiedi + Info[\/mk_button][\/vc_column][vc_column width=\"1\/3\"][vc_column_text]<strong><span style=\"color: #ff0000;\">Difetti visivi<\/span><\/strong>[\/vc_column_text][vc_wp_custommenu nav_menu=\"9\"][\/vc_column][\/vc_row][vc_row][vc_column][mk_padding_divider][\/vc_column][\/vc_row]\n\n[vc_row][vc_column width=\"1\/7\"][mk_button_gradient size=\"large\" grandient_color_from=\"#dd3333\" grandient_color_to=\"#dd3333\" grandient_color_fallback=\"#dd3333\" url=\"https:\/\/www.seri-lugano.ch\/fotobiomodulazione\/\" align=\"center\" fullwidth=\"true\"]Foto bio modulazione un futuro pi\u00f9 luminoso per la degenerazione maculare senile e le affezioni retiniche[\/mk_button_gradient][\/vc_column]\n\n[vc_column width=\"1\/7\"][mk_button_gradient size=\"large\" grandient_color_from=\"#dd3333\" grandient_color_to=\"#dd3333\" grandient_color_fallback=\"#dd3333\" url=\"http:\/\/www.seri-lugano.ch\/pinelli-presby-profile-2\/\" align=\"center\" fullwidth=\"true\"]Pinelli Presby Profile\u00ae:\nla soluzione per\nla presbiopia[\/mk_button_gradient][\/vc_column]\n\n[vc_column width=\"1\/7\"][mk_button_gradient size=\"large\" grandient_color_from=\"#dd3333\" grandient_color_to=\"#dd3333\" grandient_color_fallback=\"#dd3333\" url=\"http:\/\/www.seri-lugano.ch\/cross-linking\/\" align=\"center\" fullwidth=\"true\" margin_right=\"0\"]Crosslinking osmotico transepiteliale con Paracel\u00ae per il cheratocono[\/mk_button_gradient][\/vc_column]\n\n[vc_column width=\"1\/7\"][mk_button_gradient size=\"large\" grandient_color_from=\"#dd3333\" grandient_color_to=\"#dd3333\" grandient_color_fallback=\"#dd3333\" url=\"http:\/\/www.seri-lugano.ch\/asa-x-tra\/\" align=\"center\" fullwidth=\"true\"]ASA Lux\u00ae: ablazione superficiale e fotoni[\/mk_button_gradient][\/vc_column]\n\n[vc_column width=\"1\/7\"][mk_button_gradient size=\"large\" grandient_color_from=\"#dd3333\" grandient_color_to=\"#dd3333\" grandient_color_fallback=\"#dd3333\" url=\"http:\/\/www.seri-lugano.ch\/patologie-della-retina\/\" align=\"center\" fullwidth=\"true\"]La retina e le sue patologie: esperienza, innovazione e natura[\/mk_button_gradient][\/vc_column]\n\n[vc_column width=\"1\/7\"][mk_button_gradient size=\"large\" grandient_color_from=\"#dd3333\" grandient_color_to=\"#dd3333\" grandient_color_fallback=\"#dd3333\" url=\"http:\/\/www.seri-lugano.ch\/femtolasik-lux\/\" align=\"center\" fullwidth=\"true\"]Femtolasik Lux\u00ae: il trattamento non invasivo con la luce\n[\/mk_button_gradient][\/vc_column]\n\n[\/vc_row]","_et_gb_content_width":"","inline_featured_image":false,"footnotes":""},"class_list":["post-5837","page","type-page","status-publish","hentry"],"_links":{"self":[{"href":"https:\/\/seri-lugano.ch\/en\/wp-json\/wp\/v2\/pages\/5837","targetHints":{"allow":["GET"]}}],"collection":[{"href":"https:\/\/seri-lugano.ch\/en\/wp-json\/wp\/v2\/pages"}],"about":[{"href":"https:\/\/seri-lugano.ch\/en\/wp-json\/wp\/v2\/types\/page"}],"author":[{"embeddable":true,"href":"https:\/\/seri-lugano.ch\/en\/wp-json\/wp\/v2\/users\/3"}],"replies":[{"embeddable":true,"href":"https:\/\/seri-lugano.ch\/en\/wp-json\/wp\/v2\/comments?post=5837"}],"version-history":[{"count":3,"href":"https:\/\/seri-lugano.ch\/en\/wp-json\/wp\/v2\/pages\/5837\/revisions"}],"predecessor-version":[{"id":248347,"href":"https:\/\/seri-lugano.ch\/en\/wp-json\/wp\/v2\/pages\/5837\/revisions\/248347"}],"up":[{"embeddable":true,"href":"https:\/\/seri-lugano.ch\/en\/wp-json\/wp\/v2\/pages\/5789"}],"wp:attachment":[{"href":"https:\/\/seri-lugano.ch\/en\/wp-json\/wp\/v2\/media?parent=5837"}],"curies":[{"name":"wp","href":"https:\/\/api.w.org\/{rel}","templated":true}]}}