{"id":5839,"date":"2018-01-18T16:19:29","date_gmt":"2018-01-18T15:19:29","guid":{"rendered":"https:\/\/staging.seri-lugano.ch\/psicologia-della-visione\/"},"modified":"2024-04-11T11:30:05","modified_gmt":"2024-04-11T09:30:05","slug":"psychology-of-vision","status":"publish","type":"page","link":"https:\/\/seri-lugano.ch\/en\/eye-treatment-services\/psychology-of-vision\/","title":{"rendered":"Psychology of vision"},"content":{"rendered":"\n[et_pb_section fb_built=&#8221;1&#8243; _builder_version=&#8221;4.17.6&#8243; _module_preset=&#8221;default&#8221; custom_padding=&#8221;0px||0px||true|false&#8221; locked=&#8221;off&#8221; global_colors_info=&#8221;{}&#8221;][et_pb_row _builder_version=&#8221;4.17.4&#8243; _module_preset=&#8221;default&#8221; global_colors_info=&#8221;{}&#8221;][et_pb_column type=&#8221;4_4&#8243; _builder_version=&#8221;4.17.4&#8243; _module_preset=&#8221;default&#8221; global_colors_info=&#8221;{}&#8221;][et_pb_text _builder_version=&#8221;4.18.0&#8243; _module_preset=&#8221;default&#8221; header_font=&#8221;|700|||||||&#8221; header_text_align=&#8221;center&#8221; header_text_color=&#8221;#2C4E63&#8243; header_line_height=&#8221;1.1em&#8221; custom_margin_phone=&#8221;|0%|0px|0%|false|true&#8221; header_font_size_tablet=&#8221;&#8221; header_font_size_phone=&#8221;40px&#8221; header_font_size_last_edited=&#8221;on|phone&#8221; global_colors_info=&#8221;{}&#8221;]<h1>PSYCHOLOGY OF VISION<\/h1>[\/et_pb_text][\/et_pb_column][\/et_pb_row][et_pb_row custom_padding_last_edited=&#8221;on|phone&#8221; _builder_version=&#8221;4.17.6&#8243; _module_preset=&#8221;default&#8221; width_tablet=&#8221;&#8221; width_phone=&#8221;100%&#8221; width_last_edited=&#8221;on|phone&#8221; custom_padding=&#8221;0px||0px||true|true&#8221; custom_padding_tablet=&#8221;0px||0px||true|true&#8221; custom_padding_phone=&#8221;0px|5%|0px|5%|true|true&#8221; global_colors_info=&#8221;{}&#8221;][et_pb_column type=&#8221;4_4&#8243; _builder_version=&#8221;4.17.4&#8243; _module_preset=&#8221;default&#8221; global_colors_info=&#8221;{}&#8221;][et_pb_text _builder_version=&#8221;4.18.0&#8243; _module_preset=&#8221;default&#8221; custom_margin=&#8221;||1%||false|true&#8221; custom_padding=&#8221;0px||0px||true|false&#8221; locked=&#8221;off&#8221; global_colors_info=&#8221;{}&#8221;]<h2 bis_size=\"{&quot;x&quot;:11,&quot;y&quot;:16,&quot;w&quot;:576,&quot;h&quot;:24,&quot;abs_x&quot;:199,&quot;abs_y&quot;:392}\" style=\"text-align: left;\"><span style=\"color: #dd2e2e; letter-spacing: 7px; text-transform: uppercase;\">WHAT IS THE PSYCHOLOGY OF VISION?<br \/><\/span><\/h2>[\/et_pb_text][et_pb_text _builder_version=&#8221;4.18.0&#8243; _module_preset=&#8221;default&#8221; text_text_color=&#8221;#000000&#8243; header_2_font=&#8221;|600|||||||&#8221; header_2_text_align=&#8221;left&#8221; custom_padding=&#8221;|0%||0%|false|true&#8221; custom_padding_tablet=&#8221;|0%||0%|false|true&#8221; custom_padding_phone=&#8221;|0%||0%|false|true&#8221; custom_padding_last_edited=&#8221;on|desktop&#8221; global_colors_info=&#8221;{}&#8221;]<p style=\"text-align: justify;\">The eyes can be considered a window of the brain onto reality.<br \/>The sense organs transmit billions of bits of information simultaneously over several channels. But what happens is not merely the recording of a phenomenon: these bits of information undergo numerous mediations, some produced by the perception channel, others occurring when perception becomes a sensation, which has an emotional value that also determines their interpretation.<\/p>\n<p style=\"text-align: justify;\">As may clearly be observed, the perception of external stimuli that are first intercepted by the eyes and then categorised and interpreted varies constantly, not only according to objective, concrete factors (phenomenological reality), but also according to subjective factors experienced by each individual in a totally personal way.<\/p>\n<p style=\"text-align: justify;\">[\/et_pb_text][et_pb_image src=&#8221;https:\/\/seri-lugano.ch\/wp-content\/uploads\/img_0095.jpg&#8221; title_text=&#8221;img_0095&#8243; _builder_version=&#8221;4.17.6&#8243; _module_preset=&#8221;default&#8221; max_width=&#8221;64%&#8221; max_width_tablet=&#8221;81%&#8221; max_width_phone=&#8221;100%&#8221; max_width_last_edited=&#8221;on|phone&#8221; module_alignment=&#8221;center&#8221; custom_padding=&#8221;0px|5%|0px|5%|true|true&#8221; global_colors_info=&#8221;{}&#8221;][\/et_pb_image][et_pb_text _builder_version=&#8221;4.18.0&#8243; _module_preset=&#8221;default&#8221; custom_margin=&#8221;||1%||false|true&#8221; custom_padding=&#8221;0px||0px||true|false&#8221; locked=&#8221;off&#8221; global_colors_info=&#8221;{}&#8221;]<h2 bis_size=\"{&quot;x&quot;:11,&quot;y&quot;:16,&quot;w&quot;:576,&quot;h&quot;:24,&quot;abs_x&quot;:199,&quot;abs_y&quot;:392}\" style=\"text-align: left;\">WHAT IS THE VISION PSYCHOLOGIST CONCERNED WITH?<\/h2>[\/et_pb_text][et_pb_text _builder_version=&#8221;4.18.0&#8243; _module_preset=&#8221;default&#8221; custom_padding=&#8221;||3%||false|false&#8221; global_colors_info=&#8221;{}&#8221;]<p style=\"text-align: justify;\">During its evolution, the human being favoured hearing and sight, relegating to second position the sense of smell, which is more developed in other animal species. At birth, human offspring initially resort to the sense of touch and sensation felt through the mouth (orality of the new-born child). Sight is not yet fully developed and complex visual mechanisms will only be achieved after eight years, sometimes at the end of childhood. However, the anatomical growth of the eye continues until adulthood. The visual channel becomes increasingly more important. Many research studies have demonstrated that we rely more on information received through the visual system, thereby showing the predominance of sight.<\/p>\n<p style=\"text-align: justify;\">The psychology of vision fervently seeks to understand the neurophysiologic mechanisms that are implicit in vision, without disregarding the variables that influence visual perception: some are of a physiological nature, others pertain to the psychological sphere. The latter include, for example, interests, needs, personality, previous experience that strongly affects expectations and trust, the emotional state as a characteristic trait of the individual and the emotions determined by a certain context or situation, to name just a few. Variables of a social nature also come into play in a more pervasive manner than we are aware of: the dominant culture, foregone conclusions and prejudices. Therefore, the vision psychologist is attentive to the theories and techniques of Gestalt psychology (or psychology of form), which are closer to experimental psychology, cognitive psychology, and also to psychodynamic psychology.<\/p>\n<p style=\"text-align: justify;\">At the Switzerland Eye Research Institute, the vision psychologist supports the team comprising an ophthalmologist, ophthalmic surgeon, orthoptist, optician and nurse in understanding patients and their needs, so that the diagnostic process and therapeutic indication is not restricted to overt aspects (visual acuity, refraction, previous or ongoing ophthalmic diseases, etc.), but also takes into account those less obvious but still very important, which greatly influence patients\u2019 motivation and satisfaction.<\/p>[\/et_pb_text][\/et_pb_column][\/et_pb_row][et_pb_row _builder_version=&#8221;4.24.3&#8243; _module_preset=&#8221;default&#8221; locked=&#8221;off&#8221;][et_pb_column _builder_version=&#8221;4.24.3&#8243; _module_preset=&#8221;default&#8221; type=&#8221;4_4&#8243;][et_pb_contact_form use_spam_service=&#8221;on&#8221; recaptcha_list=&#8221;Default|Default-0&#8243; recaptcha_min_score=&#8221;0.6&#8243; title=&#8221;Contact us if you&#8217;re interested in our treatments.&#8221; success_message=&#8221;Thanks for filling out the contact form! We&#8217;ll be in touch shortly!&#8221; module_id=&#8221;et_pb_contact_form_0&#8243; _builder_version=&#8221;4.24.3&#8243; _module_preset=&#8221;default&#8221; _unique_id=&#8221;5ac3d8f5-9e85-46da-8ae1-594c722ccd3f&#8221; title_font=&#8221;|||on|||||&#8221; title_text_align=&#8221;center&#8221; title_text_color=&#8221;#DD2E2E&#8221; title_letter_spacing=&#8221;7px&#8221; saved_tabs=&#8221;all&#8221; global_colors_info=&#8221;{}&#8221; global_module=&#8221;248294&#8243; theme_builder_area=&#8221;post_content&#8221;][et_pb_contact_field field_id=&#8221;Name&#8221; field_title=&#8221;Name&#8221; _builder_version=&#8221;4.24.3&#8243; global_colors_info=&#8221;{}&#8221; button_text_size__hover_enabled=&#8221;off&#8221; button_one_text_size__hover_enabled=&#8221;off&#8221; button_two_text_size__hover_enabled=&#8221;off&#8221; button_text_color__hover_enabled=&#8221;off&#8221; button_one_text_color__hover_enabled=&#8221;off&#8221; button_two_text_color__hover_enabled=&#8221;off&#8221; button_border_width__hover_enabled=&#8221;off&#8221; button_one_border_width__hover_enabled=&#8221;off&#8221; button_two_border_width__hover_enabled=&#8221;off&#8221; button_border_color__hover_enabled=&#8221;off&#8221; button_one_border_color__hover_enabled=&#8221;off&#8221; button_two_border_color__hover_enabled=&#8221;off&#8221; button_border_radius__hover_enabled=&#8221;off&#8221; button_one_border_radius__hover_enabled=&#8221;off&#8221; button_two_border_radius__hover_enabled=&#8221;off&#8221; button_letter_spacing__hover_enabled=&#8221;off&#8221; button_one_letter_spacing__hover_enabled=&#8221;off&#8221; button_two_letter_spacing__hover_enabled=&#8221;off&#8221; button_bg_color__hover_enabled=&#8221;off&#8221; button_one_bg_color__hover_enabled=&#8221;off&#8221; button_two_bg_color__hover_enabled=&#8221;off&#8221; theme_builder_area=&#8221;post_content&#8221;][\/et_pb_contact_field][et_pb_contact_field field_id=&#8221;Email&#8221; field_title=&#8221;Email&#8221; field_type=&#8221;email&#8221; _builder_version=&#8221;4.24.3&#8243; global_colors_info=&#8221;{}&#8221; button_text_size__hover_enabled=&#8221;off&#8221; button_one_text_size__hover_enabled=&#8221;off&#8221; button_two_text_size__hover_enabled=&#8221;off&#8221; button_text_color__hover_enabled=&#8221;off&#8221; button_one_text_color__hover_enabled=&#8221;off&#8221; button_two_text_color__hover_enabled=&#8221;off&#8221; button_border_width__hover_enabled=&#8221;off&#8221; button_one_border_width__hover_enabled=&#8221;off&#8221; button_two_border_width__hover_enabled=&#8221;off&#8221; button_border_color__hover_enabled=&#8221;off&#8221; button_one_border_color__hover_enabled=&#8221;off&#8221; button_two_border_color__hover_enabled=&#8221;off&#8221; button_border_radius__hover_enabled=&#8221;off&#8221; button_one_border_radius__hover_enabled=&#8221;off&#8221; button_two_border_radius__hover_enabled=&#8221;off&#8221; button_letter_spacing__hover_enabled=&#8221;off&#8221; button_one_letter_spacing__hover_enabled=&#8221;off&#8221; button_two_letter_spacing__hover_enabled=&#8221;off&#8221; button_bg_color__hover_enabled=&#8221;off&#8221; button_one_bg_color__hover_enabled=&#8221;off&#8221; button_two_bg_color__hover_enabled=&#8221;off&#8221; theme_builder_area=&#8221;post_content&#8221;][\/et_pb_contact_field][et_pb_contact_field field_id=&#8221;Message&#8221; field_title=&#8221;Message&#8221; field_type=&#8221;text&#8221; fullwidth_field=&#8221;on&#8221; _builder_version=&#8221;4.24.3&#8243; global_colors_info=&#8221;{}&#8221; button_text_size__hover_enabled=&#8221;off&#8221; button_one_text_size__hover_enabled=&#8221;off&#8221; button_two_text_size__hover_enabled=&#8221;off&#8221; button_text_color__hover_enabled=&#8221;off&#8221; button_one_text_color__hover_enabled=&#8221;off&#8221; button_two_text_color__hover_enabled=&#8221;off&#8221; button_border_width__hover_enabled=&#8221;off&#8221; button_one_border_width__hover_enabled=&#8221;off&#8221; button_two_border_width__hover_enabled=&#8221;off&#8221; button_border_color__hover_enabled=&#8221;off&#8221; button_one_border_color__hover_enabled=&#8221;off&#8221; button_two_border_color__hover_enabled=&#8221;off&#8221; button_border_radius__hover_enabled=&#8221;off&#8221; button_one_border_radius__hover_enabled=&#8221;off&#8221; button_two_border_radius__hover_enabled=&#8221;off&#8221; button_letter_spacing__hover_enabled=&#8221;off&#8221; button_one_letter_spacing__hover_enabled=&#8221;off&#8221; button_two_letter_spacing__hover_enabled=&#8221;off&#8221; button_bg_color__hover_enabled=&#8221;off&#8221; button_one_bg_color__hover_enabled=&#8221;off&#8221; button_two_bg_color__hover_enabled=&#8221;off&#8221; field_title__hover_enabled=&#8221;off|desktop&#8221; theme_builder_area=&#8221;post_content&#8221;][\/et_pb_contact_field][\/et_pb_contact_form][\/et_pb_column][\/et_pb_row][\/et_pb_section]\n","protected":false},"excerpt":{"rendered":"<p>PSYCHOLOGY OF VISIONWHAT IS THE PSYCHOLOGY OF VISION?The eyes can be considered a window of the brain onto reality.The sense organs transmit billions of bits of information simultaneously over several channels. But what happens is not merely the recording of a phenomenon: these bits of information undergo numerous mediations, some produced by the perception channel, [&hellip;]<\/p>\n","protected":false},"author":3,"featured_media":0,"parent":5793,"menu_order":0,"comment_status":"closed","ping_status":"closed","template":"","meta":{"_et_pb_use_builder":"on","_et_pb_old_content":"[mk_page_section bg_image=\"http:\/\/www.seri-lugano.ch\/wp-content\/uploads\/2018\/01\/seri-lugano_roberto-pinelli_psicologia-visione-1.jpg\" bg_position=\"center center\" bg_repeat=\"no-repeat\" bg_stretch=\"true\" sidebar=\"sidebar-1\"][vc_column][mk_padding_divider size=\"240\"][\/vc_column][\/mk_page_section][mk_page_section bg_color=\"#dd3333\" video_loop=\"false\" min_height=\"57\" full_width=\"true\" sidebar=\"sidebar-1\"][vc_column][vc_column_text]\n<h2 style=\"text-align: center;\"><span style=\"color: #ffffff;\">DIPARTIMENTO DI PSICOLOGIA DELLA VISIONE<\/span><\/h2>\n[\/vc_column_text][\/vc_column][\/mk_page_section][vc_row][vc_column][mk_padding_divider][\/vc_column][\/vc_row][vc_row][vc_column width=\"2\/3\"][vc_column_text]<b>COS'\u00c8 LA PSICOLOGIA DELLA VISIONE<\/b>\nGli occhi possono essere considerati una finestra del nostro cervello sulla realt\u00e0 che ci circonda.\nGli organi di senso veicolano miliardi di informazioni di diversa tipologia in modo simultaneo e su pi\u00f9 canali. Ma ci\u00f2 che avviene non \u00e8 una pura registrazione di un fenomeno: le informazioni sono sottoposte ad innumerevoli mediazioni, alcune prodotte dal canale percettivo, altre che si verificano nel momento in cui la <b>percezione\u00a0<\/b>diventa una <b>sensazione<\/b>, dotata quindi di una\u00a0<b>valenza emotiva\u00a0<\/b>che ne determina anche l\u2019<b>interpretazione<\/b>.\n\nE\u2019 quindi facilmente intuibile quanto la <b>percezione degli stimoli\u00a0<\/b>che provengono dal mondo che ci circonda e che attraverso gli occhi sono prima intercettati, poi categorizzati, poi interpretati, vari in continuazione in funzione di aspetti non solo oggettivi, concreti (la realt\u00e0 fenomenologica che ci circonda), ma anche soggettivi, vengono cio\u00e8 vissuti da ognuno di noi in modo totalmente personale.\n\n<b>DI COSA SI OCCUPA LO PSICOLOGO DELLA VISIONE<\/b>\nNel corso dell\u2019evoluzione l\u2019essere umano ha privilegiato l\u2019udito e la vista, mettendo via via in secondo piano l\u2019olfatto, pi\u00f9 sviluppato in altre specie animali. Il cucciolo dell\u2019uomo alla nascita si avvale inizialmente del tatto e della sensazione che ne riceve attraverso la bocca (oralit\u00e0 del neonato), la <b>vista\u00a0<\/b>non ha raggiunto ancora lo sviluppo completo e i complessi <b>meccanismi visivi\u00a0<\/b>giungeranno a compimento solo dopo gli otto anni, a volte al volgere dell\u2019infanzia. La crescita anatomica dell\u2019occhio continua tuttavia fino all\u2019et\u00e0 adulta. Il\u00a0<b>canale visivo<\/b>\u00a0diviene via via sempre pi\u00f9 importante. Numerose ricerche hanno dimostrato che si fa maggior affidamento alle informazioni ricevute tramite il <b>sistema visivo\u00a0<\/b>ed evidenziano la prevalenza che attribuiamo alla vista.\n\nLa\u00a0<b>psicologia della visione<\/b>\u00a0si occupa dei\u00a0<b>meccanismi neurofisiologici<\/b>\u00a0che sottendono alla visione, senza tralasciare \u2013 ed anzi preoccupandosi di comprendere \u2013 le <b>variabili\u00a0<\/b>che influenzano la\u00a0<b>percezione visiva<\/b>: alcune di <b>natura fisiologica<\/b>, altre attinenti la <b>sfera<\/b><b>psicologica\u00a0<\/b>quali gli interessi, i bisogni, l\u2019esperienza pregressa che impronta fortemente aspettative e fiducia, lo stato emotivo quale tratto caratteristico dell\u2019individuo e quello invece determinato dal contesto o dalla situazione, la personalit\u00e0, solo per citarne alcuni. Anche le <b>variabili di natura sociale\u00a0<\/b>entrano in gioco in maniera pi\u00f9 pervasiva di quanto ci \u00e8 dato di intuire: la <b>cultura dominante, gli scontati, i preconcetti<\/b>. Lo psicologo della visione dunque \u00e8 attento alle teorie e alle tecniche della psicologia della Gestalt (o della psicologia della forma), pi\u00f9 vicine alla psicologia sperimentale, alla psicologia cognitiva, ma anche alla psicologia psicodinamica.\n\n<b>LO PSICOLOGO DELLA VISIONE IN SERI LUGANO<\/b>\nAllo\u00a0<b>Switzerland Eye Research Institute<\/b>\u00a0lo\u00a0<b>psicologo della visione<\/b>\u00a0affianca il team composto da <b>oftalmologo, oftalmochirurgo, ortottista, ottico optometrista ed infermiere\u00a0<\/b>nella comprensione del paziente e delle sue esigenze affinch\u00e9 il processo diagnostico e l\u2019indicazione terapeutica non si limiti agli aspetti manifesti (<b>visus, refrazione, patologie oftalmiche\u00a0<\/b>in corso o pregresse, ecc.), ma tenga conto anche di quelli meno evidenti ma molto potenti, e che tanto influenzano la motivazione e la soddisfazione del paziente, che attengono alla sua sfera emotiva e al contesto sociale di cui fa parte.[\/vc_column_text][mk_button size=\"medium\" url=\"http:\/\/www.seri-lugano.ch\/contatti\/\" target=\"_blank\"]Richiedi + Info[\/mk_button][\/vc_column][vc_column width=\"1\/3\"][vc_column_text align=\"right\"]\n<p style=\"text-align: left;\"><strong><span class=\"title\">Dipartimenti di SERI Lugano<\/span><\/strong><\/p>\n[\/vc_column_text][vc_wp_custommenu nav_menu=\"6\"][\/vc_column][\/vc_row][vc_row][vc_column][mk_padding_divider][\/vc_column][\/vc_row]\n\n[vc_row][vc_column width=\"1\/7\"][mk_button_gradient size=\"large\" grandient_color_from=\"#dd3333\" grandient_color_to=\"#dd3333\" grandient_color_fallback=\"#dd3333\" url=\"https:\/\/www.seri-lugano.ch\/fotobiomodulazione\/\" align=\"center\" fullwidth=\"true\"]Foto bio modulazione un futuro pi\u00f9 luminoso per la degenerazione maculare senile e le affezioni retiniche[\/mk_button_gradient][\/vc_column]\n\n[vc_column width=\"1\/7\"][mk_button_gradient size=\"large\" grandient_color_from=\"#dd3333\" grandient_color_to=\"#dd3333\" grandient_color_fallback=\"#dd3333\" url=\"http:\/\/www.seri-lugano.ch\/pinelli-presby-profile-2\/\" align=\"center\" fullwidth=\"true\"]Pinelli Presby Profile\u00ae:\nla soluzione per\nla presbiopia[\/mk_button_gradient][\/vc_column]\n\n[vc_column width=\"1\/7\"][mk_button_gradient size=\"large\" grandient_color_from=\"#dd3333\" grandient_color_to=\"#dd3333\" grandient_color_fallback=\"#dd3333\" url=\"http:\/\/www.seri-lugano.ch\/cross-linking\/\" align=\"center\" fullwidth=\"true\" margin_right=\"0\"]Crosslinking osmotico transepiteliale con Paracel\u00ae per il cheratocono[\/mk_button_gradient][\/vc_column]\n\n[vc_column width=\"1\/7\"][mk_button_gradient size=\"large\" grandient_color_from=\"#dd3333\" grandient_color_to=\"#dd3333\" grandient_color_fallback=\"#dd3333\" url=\"http:\/\/www.seri-lugano.ch\/asa-x-tra\/\" align=\"center\" fullwidth=\"true\"]ASA Lux\u00ae: ablazione superficiale e fotoni[\/mk_button_gradient][\/vc_column]\n\n[vc_column width=\"1\/7\"][mk_button_gradient size=\"large\" grandient_color_from=\"#dd3333\" grandient_color_to=\"#dd3333\" grandient_color_fallback=\"#dd3333\" url=\"http:\/\/www.seri-lugano.ch\/patologie-della-retina\/\" align=\"center\" fullwidth=\"true\"]La retina e le sue patologie: esperienza, innovazione e natura[\/mk_button_gradient][\/vc_column]\n\n[vc_column width=\"1\/7\"][mk_button_gradient size=\"large\" grandient_color_from=\"#dd3333\" grandient_color_to=\"#dd3333\" grandient_color_fallback=\"#dd3333\" url=\"http:\/\/www.seri-lugano.ch\/femtolasik-lux\/\" align=\"center\" fullwidth=\"true\"]Femtolasik Lux\u00ae: il trattamento non invasivo con la luce\n[\/mk_button_gradient][\/vc_column]\n\n[\/vc_row]","_et_gb_content_width":"","inline_featured_image":false,"footnotes":""},"class_list":["post-5839","page","type-page","status-publish","hentry"],"_links":{"self":[{"href":"https:\/\/seri-lugano.ch\/en\/wp-json\/wp\/v2\/pages\/5839","targetHints":{"allow":["GET"]}}],"collection":[{"href":"https:\/\/seri-lugano.ch\/en\/wp-json\/wp\/v2\/pages"}],"about":[{"href":"https:\/\/seri-lugano.ch\/en\/wp-json\/wp\/v2\/types\/page"}],"author":[{"embeddable":true,"href":"https:\/\/seri-lugano.ch\/en\/wp-json\/wp\/v2\/users\/3"}],"replies":[{"embeddable":true,"href":"https:\/\/seri-lugano.ch\/en\/wp-json\/wp\/v2\/comments?post=5839"}],"version-history":[{"count":2,"href":"https:\/\/seri-lugano.ch\/en\/wp-json\/wp\/v2\/pages\/5839\/revisions"}],"predecessor-version":[{"id":248338,"href":"https:\/\/seri-lugano.ch\/en\/wp-json\/wp\/v2\/pages\/5839\/revisions\/248338"}],"up":[{"embeddable":true,"href":"https:\/\/seri-lugano.ch\/en\/wp-json\/wp\/v2\/pages\/5793"}],"wp:attachment":[{"href":"https:\/\/seri-lugano.ch\/en\/wp-json\/wp\/v2\/media?parent=5839"}],"curies":[{"name":"wp","href":"https:\/\/api.w.org\/{rel}","templated":true}]}}